{"id":647,"date":"2022-03-12T09:26:44","date_gmt":"2022-03-12T09:26:44","guid":{"rendered":"https:\/\/web.ageofcards.com\/?page_id=647"},"modified":"2024-01-26T06:57:36","modified_gmt":"2024-01-26T06:57:36","slug":"first-game-story","status":"publish","type":"page","link":"https:\/\/ageofcards.com\/tr\/first-game-story\/","title":{"rendered":"\u0130lk Oyunun Konusu"},"content":{"rendered":"\t\t<div data-elementor-type=\"wp-page\" data-elementor-id=\"647\" class=\"elementor elementor-647\">\n\t\t\t\t\t\t<div class=\"elementor-inner\">\n\t\t\t\t<div class=\"elementor-section-wrap\">\n\t\t\t\t\t\t\t\t\t<section class=\"elementor-section elementor-top-section elementor-element elementor-element-e12847d elementor-section-full_width elementor-section-stretched elementor-section-height-default elementor-section-height-default\" data-id=\"e12847d\" data-element_type=\"section\" data-settings=\"{&quot;background_background&quot;:&quot;gradient&quot;,&quot;stretch_section&quot;:&quot;section-stretched&quot;}\">\n\t\t\t\t\t\t<div class=\"elementor-container elementor-column-gap-default\">\n\t\t\t\t\t\t\t<div class=\"elementor-row\">\n\t\t\t\t\t<div class=\"elementor-column elementor-col-100 elementor-top-column elementor-element elementor-element-44477d9\" data-id=\"44477d9\" data-element_type=\"column\">\n\t\t\t<div class=\"elementor-column-wrap elementor-element-populated\">\n\t\t\t\t\t\t\t<div class=\"elementor-widget-wrap\">\n\t\t\t\t\t\t<section class=\"elementor-section elementor-inner-section elementor-element elementor-element-3620012 elementor-section-boxed elementor-section-height-default elementor-section-height-default\" data-id=\"3620012\" data-element_type=\"section\">\n\t\t\t\t\t\t<div class=\"elementor-container elementor-column-gap-default\">\n\t\t\t\t\t\t\t<div class=\"elementor-row\">\n\t\t\t\t\t<div class=\"elementor-column elementor-col-25 elementor-inner-column elementor-element elementor-element-e47d532\" data-id=\"e47d532\" data-element_type=\"column\">\n\t\t\t<div class=\"elementor-column-wrap elementor-element-populated\">\n\t\t\t\t\t\t\t<div class=\"elementor-widget-wrap\">\n\t\t\t\t\t\t<div class=\"elementor-element elementor-element-7b14295 elementor-widget elementor-widget-themo-call-to-action\" data-id=\"7b14295\" data-element_type=\"widget\" data-widget_type=\"themo-call-to-action.default\">\n\t\t\t\t<div class=\"elementor-widget-container\">\n\t\t\t\t\t<div class=\"th-cta\">\n\t\t\t\n                        <div class=\"th-cta-btn\">\n\n                                    <a class=\"btn-1 btn th-btn btn-ghost-light\" href=\"https:\/\/ageofcards.com\/universe-2\/\">\n                                                    Evrenin Olu\u015fumu                                            <\/a>\n                \n                            <\/div>\n            \t\t<\/div>\n\t\t\t\t<\/div>\n\t\t\t\t<\/div>\n\t\t\t\t\t\t<\/div>\n\t\t\t\t\t<\/div>\n\t\t<\/div>\n\t\t\t\t<div class=\"elementor-column elementor-col-25 elementor-inner-column elementor-element elementor-element-0b51012\" data-id=\"0b51012\" data-element_type=\"column\">\n\t\t\t<div class=\"elementor-column-wrap elementor-element-populated\">\n\t\t\t\t\t\t\t<div class=\"elementor-widget-wrap\">\n\t\t\t\t\t\t<div class=\"elementor-element elementor-element-41c0c06 elementor-widget elementor-widget-themo-call-to-action\" data-id=\"41c0c06\" data-element_type=\"widget\" data-widget_type=\"themo-call-to-action.default\">\n\t\t\t\t<div class=\"elementor-widget-container\">\n\t\t\t\t\t<div class=\"th-cta\">\n\t\t\t\n                        <div class=\"th-cta-btn\">\n\n                                    <a class=\"btn-1 btn th-btn btn-ghost-light\" href=\"https:\/\/ageofcards.com\/planets-2\/\">\n                                                    Gezegenler                                            <\/a>\n                \n                            <\/div>\n            \t\t<\/div>\n\t\t\t\t<\/div>\n\t\t\t\t<\/div>\n\t\t\t\t\t\t<\/div>\n\t\t\t\t\t<\/div>\n\t\t<\/div>\n\t\t\t\t<div class=\"elementor-column elementor-col-25 elementor-inner-column elementor-element elementor-element-58fd9c2\" data-id=\"58fd9c2\" data-element_type=\"column\">\n\t\t\t<div class=\"elementor-column-wrap elementor-element-populated\">\n\t\t\t\t\t\t\t<div class=\"elementor-widget-wrap\">\n\t\t\t\t\t\t<div class=\"elementor-element elementor-element-5312b89 elementor-widget elementor-widget-themo-call-to-action\" data-id=\"5312b89\" data-element_type=\"widget\" data-widget_type=\"themo-call-to-action.default\">\n\t\t\t\t<div class=\"elementor-widget-container\">\n\t\t\t\t\t<div class=\"th-cta\">\n\t\t\t\n                        <div class=\"th-cta-btn\">\n\n                                    <a class=\"btn-1 btn th-btn btn-ghost-light\" href=\"https:\/\/ageofcards.com\/main-story\/\">\n                                                    Ana Konu                                            <\/a>\n                \n                            <\/div>\n            \t\t<\/div>\n\t\t\t\t<\/div>\n\t\t\t\t<\/div>\n\t\t\t\t\t\t<\/div>\n\t\t\t\t\t<\/div>\n\t\t<\/div>\n\t\t\t\t<div class=\"elementor-column elementor-col-25 elementor-inner-column elementor-element elementor-element-673af2d\" data-id=\"673af2d\" data-element_type=\"column\">\n\t\t\t<div class=\"elementor-column-wrap elementor-element-populated\">\n\t\t\t\t\t\t\t<div class=\"elementor-widget-wrap\">\n\t\t\t\t\t\t<div class=\"elementor-element elementor-element-d35765c elementor-widget elementor-widget-themo-call-to-action\" data-id=\"d35765c\" data-element_type=\"widget\" data-widget_type=\"themo-call-to-action.default\">\n\t\t\t\t<div class=\"elementor-widget-container\">\n\t\t\t\t\t<div class=\"th-cta\">\n\t\t\t\n                        <div class=\"th-cta-btn\">\n\n                                    <a class=\"btn-1 btn th-btn btn-ghost-light\" href=\"https:\/\/ageofcards.com\/first-game-story\/\">\n                                                    \u0130lk Oyunun Konusu                                            <\/a>\n                \n                            <\/div>\n            \t\t<\/div>\n\t\t\t\t<\/div>\n\t\t\t\t<\/div>\n\t\t\t\t\t\t<\/div>\n\t\t\t\t\t<\/div>\n\t\t<\/div>\n\t\t\t\t\t\t\t\t<\/div>\n\t\t\t\t\t<\/div>\n\t\t<\/section>\n\t\t\t\t\t\t<\/div>\n\t\t\t\t\t<\/div>\n\t\t<\/div>\n\t\t\t\t\t\t\t\t<\/div>\n\t\t\t\t\t<\/div>\n\t\t<\/section>\n\t\t\t\t<section class=\"elementor-section elementor-top-section elementor-element elementor-element-5ef6aefb elementor-section-full_width elementor-section-content-middle elementor-section-stretched elementor-section-height-default elementor-section-height-default\" data-id=\"5ef6aefb\" data-element_type=\"section\" data-settings=\"{&quot;background_background&quot;:&quot;classic&quot;,&quot;stretch_section&quot;:&quot;section-stretched&quot;}\">\n\t\t\t\t\t\t<div class=\"elementor-container elementor-column-gap-no\">\n\t\t\t\t\t\t\t<div class=\"elementor-row\">\n\t\t\t\t\t<div class=\"elementor-column elementor-col-50 elementor-top-column elementor-element elementor-element-353ca38d elementor-invisible\" data-id=\"353ca38d\" data-element_type=\"column\" data-settings=\"{&quot;background_background&quot;:&quot;classic&quot;,&quot;animation&quot;:&quot;fadeInLeft&quot;}\">\n\t\t\t<div class=\"elementor-column-wrap elementor-element-populated\">\n\t\t\t\t\t<div class=\"elementor-background-overlay\"><\/div>\n\t\t\t\t\t\t\t<div class=\"elementor-widget-wrap\">\n\t\t\t\t\t\t<div class=\"elementor-element elementor-element-4fc1301a elementor-widget elementor-widget-heading\" data-id=\"4fc1301a\" data-element_type=\"widget\" data-widget_type=\"heading.default\">\n\t\t\t\t<div class=\"elementor-widget-container\">\n\t\t\t<h4 class=\"elementor-heading-title elementor-size-default\">\u0130LK OYUN KONUSU<\/h4>\t\t<\/div>\n\t\t\t\t<\/div>\n\t\t\t\t\t\t<\/div>\n\t\t\t\t\t<\/div>\n\t\t<\/div>\n\t\t\t\t<div class=\"elementor-column elementor-col-50 elementor-top-column elementor-element elementor-element-1b964983\" data-id=\"1b964983\" data-element_type=\"column\">\n\t\t\t<div class=\"elementor-column-wrap elementor-element-populated\">\n\t\t\t\t\t\t\t<div class=\"elementor-widget-wrap\">\n\t\t\t\t\t\t<div class=\"elementor-element elementor-element-72c985b1 elementor-drop-cap-yes elementor-drop-cap-view-default elementor-widget elementor-widget-text-editor\" data-id=\"72c985b1\" data-element_type=\"widget\" data-settings=\"{&quot;drop_cap&quot;:&quot;yes&quot;}\" data-widget_type=\"text-editor.default\">\n\t\t\t\t<div class=\"elementor-widget-container\">\n\t\t\t\t\t\t\t\t<div class=\"elementor-text-editor elementor-clearfix\">\n\t\t\t\t<p>D\u00fcnya\u2019n\u0131n i\u015fgalinin ger\u00e7ekle\u015fmesi durumunda b\u00fct\u00fcn D\u00fcnya Tanr\u0131lar\u0131n yery\u00fcz\u00fcndeki izlerinin silinecek olmas\u0131 eski ve yeni Tanr\u0131lar\u0131 \u00e7ok endi\u015felendirmi\u015fti. Pangu, evreni yaratt\u0131ktan sonra kendisinden sonra gelecek Tanr\u0131 ve Yar\u0131-Tanr\u0131lara sadece bir kural koymu\u015ftu. Tanr\u0131lar g\u00fc\u00e7lerini kaybetmeye ba\u015flad\u0131\u011f\u0131nda, kendi d\u00f6nemleri bitti\u011finde hi\u00e7bir \u015fekilde hangi gezegende olurlarsa olsunlar g\u00f6z\u00fckmeyecek ve d\u00f6nemin tanr\u0131lar\u0131 ile Limbo d\u0131\u015f\u0131nda hi\u00e7bir yerde g\u00f6r\u00fc\u015fmeyeceklerdi.<\/p>\t\t\t\t\t<\/div>\n\t\t\t\t\t\t<\/div>\n\t\t\t\t<\/div>\n\t\t\t\t<div class=\"elementor-element elementor-element-4861b73f elementor-widget elementor-widget-text-editor\" data-id=\"4861b73f\" data-element_type=\"widget\" data-widget_type=\"text-editor.default\">\n\t\t\t\t<div class=\"elementor-widget-container\">\n\t\t\t\t\t\t\t\t<div class=\"elementor-text-editor elementor-clearfix\">\n\t\t\t\t<p>Bu kural\u0131 bozan ve tekrar yeniden kendini D\u00fcnya\u2019da canland\u0131rmaya \u00e7al\u0131\u015fan Ra cezaland\u0131r\u0131lm\u0131\u015f ve Limbo\u2019ya hapsedilmi\u015fti. Ra, Limbo\u2019ya s\u0131k\u0131\u015f\u0131p kalm\u0131\u015ft\u0131 ve hi\u00e7bir \u00e7\u0131k\u0131\u015f yolu yoktu. Ra i\u00e7in evrendeki di\u011fer gezegenlerin veya D\u00fcnya \u00fczerinde ya\u015fayan canl\u0131 t\u00fcrlerinin ne oldu\u011funun bir \u00f6nemi yoktu. \u0130ster \u0130nsanlar ya\u015famaya devam etsin, ister Gazyon veya Matun halklar\u0131 ya\u015fas\u0131n umurumda de\u011fildi. \u0130stedi\u011fi tek \u015fey \u00f6nce D\u00fcnya\u2019n\u0131n sonra galaksinin tek tanr\u0131s\u0131 olmak ve kendini g\u00f6stermekti D\u00fcnya\u2019n\u0131n i\u015fgal edilecek olmas\u0131 Tanr\u0131lar i\u00e7inde bir tek onu heyecanland\u0131r\u0131yordu.<\/p><p>Anka Ku\u015fu arac\u0131l\u0131\u011f\u0131 ile ileti\u015fim kuran tanr\u0131lar Anubis ve Freyja\u2019y\u0131 Limbo\u2019ya g\u00f6ndermeye karar verdi. T\u00fcm tanr\u0131lar\u0131n yapaca\u011f\u0131 b\u00fcy\u00fck toplant\u0131 \u00f6ncesi Ra\u2019y\u0131 ikna etmeleri gerekiyordu. \u0130yi veya k\u00f6t\u00fc olsun ilk defa t\u00fcm tanr\u0131lar\u0131n bir arada olmas\u0131 ve ortak bir ama\u00e7 i\u00e7in beraber sava\u015fmalar\u0131 gerekiyordu. Tanr\u0131lar, Ra\u2019n\u0131n Freyja\u2019ya olan hayranl\u0131\u011f\u0131ndan dolay\u0131 onun mutlaka gitmesini istiyordu. Anubis de babas\u0131 Ra\u2019y\u0131 ikna edebilece\u011fine inan\u0131yordu.<\/p><p>Anka Ku\u015fu Freyja ve Anubis\u2019e Limbo\u2019ya gitmeleri gerekti\u011fi tarihi s\u00f6yledi. Freyja ve Anubis birbirleri ile g\u00f6r\u00fc\u015fmeden ayn\u0131 zamanda Limbo\u2019da Demir K\u0131l\u0131\u00e7 da\u011f\u0131ndaki bir ma\u011farada bulu\u015ftular. H\u0131zl\u0131 hareket edip Ra\u2019y\u0131 bulmalar\u0131 gerekiyorlard\u0131. Limbo\u2019da zaman kavram\u0131 yoktu, bu\u00a0 y\u00fczden orada ge\u00e7en s\u00fcre \u00e7ok \u00f6nemliydi.<\/p>\t\t\t\t\t<\/div>\n\t\t\t\t\t\t<\/div>\n\t\t\t\t<\/div>\n\t\t\t\t\t\t<\/div>\n\t\t\t\t\t<\/div>\n\t\t<\/div>\n\t\t\t\t\t\t\t\t<\/div>\n\t\t\t\t\t<\/div>\n\t\t<\/section>\n\t\t\t\t<section class=\"elementor-section elementor-top-section elementor-element elementor-element-236cb14 elementor-section-boxed elementor-section-height-default elementor-section-height-default\" data-id=\"236cb14\" data-element_type=\"section\">\n\t\t\t\t\t\t\t<div class=\"elementor-background-overlay\"><\/div>\n\t\t\t\t\t\t\t<div class=\"elementor-container elementor-column-gap-default\">\n\t\t\t\t\t\t\t<div class=\"elementor-row\">\n\t\t\t\t\t<div class=\"elementor-column elementor-col-100 elementor-top-column elementor-element elementor-element-33238fb\" data-id=\"33238fb\" data-element_type=\"column\">\n\t\t\t<div class=\"elementor-column-wrap elementor-element-populated\">\n\t\t\t\t\t\t\t<div class=\"elementor-widget-wrap\">\n\t\t\t\t\t\t<div class=\"elementor-element elementor-element-708124e elementor-invisible elementor-widget elementor-widget-text-editor\" data-id=\"708124e\" data-element_type=\"widget\" data-settings=\"{&quot;_animation&quot;:&quot;fadeInUp&quot;}\" data-widget_type=\"text-editor.default\">\n\t\t\t\t<div class=\"elementor-widget-container\">\n\t\t\t\t\t\t\t\t<div class=\"elementor-text-editor elementor-clearfix\">\n\t\t\t\t<p><em>Ra, Limboda bir tavernada kendisine \u00f6zel olarak ayr\u0131lm\u0131\u015f bir b\u00f6l\u00fcmde ka\u011f\u0131t oynuyor, \u015farap i\u00e7iyordu. Kar\u015f\u0131s\u0131nda Anubis ve Freyja\u2019y\u0131 g\u00f6r\u00fcnce hem \u015fa\u015f\u0131rd\u0131 hem de \u00e7ok sevindi.<\/em><\/p><p>Ra: Anubis! Seni burada g\u00f6rmek ne kadar g\u00fczel o\u011flum!<\/p><p>Anubis: Baba! Ger\u00e7ekten \u00e7ok \u00f6zledim. Hi\u00e7 de\u011fi\u015fmemi\u015fsin. Limbo sana yaram\u0131\u015f herhalde?<\/p><p>Ra: Ya ne demezsin! Buradan nefret ediyorum ama s\u0131k\u0131lam\u0131yorum. \u00c7\u00fcnk\u00fc ne zamand\u0131r burada oldu\u011fumu bilmedi\u011fim i\u00e7in bu duyguya kap\u0131lam\u0131yorum. Frejya! Her zamanki gibi \u00e7ok g\u00fczelsin\u2026<\/p><p>Frejya: Te\u015fekk\u00fcr ederim. Bize \u015farap ikram etmeyecek misin?<\/p><p>Ra: Buradakilere \u015farap diyorsan sorun de\u011fil, ikram ederim. Buradaki her \u015fey bir yans\u0131ma. Asl\u0131nda \u015fu i\u00e7ti\u011fimiz \u015farap de\u011fil, bu y\u00fczden tad\u0131 yok! Neyse, sana da bir kadeh dolduruyorum.<\/p><p>Frejya: \u00c7ok naziksin.<\/p><p>Ra: Siz de \u00e7ok zekisiniz! Sadece ikiniz burada oldu\u011funuza g\u00f6re benden bir \u015fey isteyeceksiniz. Durun hatta tahmin edeyim, yoksa benden D\u00fcnya\u2019y\u0131 kurtarman\u0131za yard\u0131mc\u0131 olmam\u0131 m\u0131 isteyeceksiniz? (g\u00fcler)<\/p><p>Anubis: Limbo\u2019da olmana ra\u011fmen hi\u00e7bir geli\u015fmeyi ka\u00e7\u0131rm\u0131yorsun. Burada bu t\u00fcr konular\u0131n konu\u015fulmas\u0131 da yasak diye biliyordum.<\/p><p>Ra: Kurallara uyan birisi olsayd\u0131m zaten Limbo\u2019da i\u015fim olmazd\u0131 de\u011fil mi? Ne \u00e7abuk unuttun, ben Ra\u2019y\u0131m!<\/p><p>Frejya: Sana ihtiyac\u0131m\u0131z var Ra! D\u00fcnya biz olmadan Matun veya Gazyon\u2019un sald\u0131r\u0131lar\u0131na kar\u015f\u0131 koyamaz. Hepimiz birlikte olmazsak bu sava\u015f\u0131 kazanmam\u0131z \u00e7ok zor. G\u00fcne\u015f\u2019in g\u00fcc\u00fcn\u00fc bu sava\u015fta yan\u0131m\u0131zda hissetmeliyiz.<\/p><p>Ra: Benim lanetlendi\u011fim D\u00fcnya\u2019ya yard\u0131m etmemi mi istiyorsunuz? Peki bunu neden yapaca\u011f\u0131m?<\/p><p>Anubis: Yapt\u0131\u011f\u0131n her \u015fey yer y\u00fcz\u00fcnden silinecek, yeni kurulacak d\u00fczende Ra\u2019n\u0131n ad\u0131 bile ge\u00e7meyecek. T\u00fcm eserlerin yerle bir olacak. Sana hala tapan on binlerce insan bir salisede k\u00fcl olacak. Bunlar yard\u0131m etmen i\u00e7in yetmez mi?<\/p><p>Ra: H\u00fckmedemedi\u011fim bir halk, g\u00f6remedi\u011fim eserlerden bana ne! Ya\u015fand\u0131\u011f\u0131n\u0131, konu\u015fuldu\u011funu g\u00f6remedi\u011fim bir D\u00fcnya\u2019y\u0131 ben ne yapay\u0131m?<\/p><p>Frejya: Evet hakl\u0131s\u0131n fakat yard\u0131mc\u0131 olursan Anka Ku\u015fu ile konu\u015fabilir ve senin lanetini kald\u0131rmak i\u00e7in yard\u0131m isteyebiliriz.<\/p><p>Ra: Anka Ku\u015fu yard\u0131m edecek olsa sizi buraya beni ikna etmeye g\u00f6ndermeden yard\u0131m ederdi. Benim lanetim kalkmadan \u015furadan \u015furaya parma\u011f\u0131m\u0131 k\u0131p\u0131rdatmam!<\/p><p><em>Ra konu\u015furken bir yandan da kartlar ile oynamaya devam eder. Sanki Anubis ve Frejya\u2019n\u0131n orada olmas\u0131 umurunda de\u011fildir.<\/em><\/p><p>Frejya: B\u0131rak art\u0131k \u015fu kartlarla oynamay\u0131! Kim bilir burada ne kadar vakit kaybettik. Zaman daral\u0131yor Ra!<\/p><p>Ra: Neden? Sen de zaman\u0131n\u0131n \u00e7o\u011funu oyun oynayarak ge\u00e7iriyordun Frejya, yalan m\u0131?<\/p><p>Frejya: Bunun konumuzla ne alakas\u0131 var?<\/p><p>Anubis: Sa\u00e7mal\u0131yorsun ger\u00e7ekten baba.<\/p><p>Ra: Hay\u0131r, siz sa\u00e7mal\u0131yorsunuz. Buraya gelip bana hi\u00e7bir \u015fey sunmadan yard\u0131mc\u0131 olmam\u0131 istiyorsunuz. Lanet kalkmadan zaten D\u00fcnya\u2019ya ayak basamam, d\u0131\u015far\u0131dan da bir hi\u00e7 u\u011fruna destek veremem kusura bakmay\u0131n\u2026<\/p><p>Frejya: (sinirlenir) B\u0131rak Anubis, ne hali varsa g\u00f6rs\u00fcn. Limbo\u2019da \u00f6m\u00fcr boyu kals\u0131n. \u0130yice kafay\u0131 yemi\u015f. Bo\u015funa gelmi\u015fiz buraya, baksana hala kart oynamaya devam ediyor.<\/p><p>Ra: Ancak bir \u015fartla size yard\u0131mc\u0131 olabilirim.<\/p><p>Anubis: Nedir ?<\/p><p>Ra: Benimle bir kart oyunu oynayacaks\u0131n\u0131z. E\u011fer benim geli\u015ftirdi\u011fim bu oyunda Pangu\u2019nun de\u011fil benim kurallar\u0131m ile beni yenerseniz size ko\u015fulsuz yard\u0131mc\u0131 olaca\u011f\u0131m\u2026<\/p><p>Anubis: \u015eaka m\u0131 bu?<\/p><p>Ra: Ya lanet kalkar ya da D\u00fcnya\u2019n\u0131n kaderi bu oyuna ba\u011fl\u0131 olur. Se\u00e7im sizin (g\u00fcler)<\/p><p>\u2026. Ve Ra, Anubis ve Frejya Limbo\u2019da bir tavernada kart oynamaya ba\u015flar\u2026\u2026<\/p><p>Anubis ve Frejya, Ra\u2019n\u0131n Limbo\u2019da delirdi\u011fini d\u00fc\u015f\u00fcnmektedir. Bu y\u00fczden oyun oynamay\u0131 kabul ederler. Ra\u2019n\u0131n amac\u0131ysa \u00e7ok farkl\u0131d\u0131r. O \u00e7oktan karanl\u0131k maddeyle anla\u015fm\u0131\u015ft\u0131r. Lanet kalkacak ve Ra G\u00fcne\u015f\u2019i kontrol ederek \u00e7evresindeki t\u00fcm gezegenleri kavuracakt\u0131r. Karanl\u0131k Madde\u2019nin amac\u0131 ise Pangu\u2019nun t\u00fcm izlerini, koydu\u011fu t\u00fcm kurallar\u0131 y\u0131kmakt\u0131r.<\/p>\t\t\t\t\t<\/div>\n\t\t\t\t\t\t<\/div>\n\t\t\t\t<\/div>\n\t\t\t\t\t\t<\/div>\n\t\t\t\t\t<\/div>\n\t\t<\/div>\n\t\t\t\t\t\t\t\t<\/div>\n\t\t\t\t\t<\/div>\n\t\t<\/section>\n\t\t\t\t\t\t\t\t\t<\/div>\n\t\t\t<\/div>\n\t\t\t\t\t<\/div>\n\t\t","protected":false},"excerpt":{"rendered":"<p>Evrenin Olu\u015fumu Gezegenler Ana Konu \u0130lk Oyunun Konusu \u0130LK OYUN KONUSU D\u00fcnya\u2019n\u0131n i\u015fgalinin ger\u00e7ekle\u015fmesi durumunda b\u00fct\u00fcn D\u00fcnya Tanr\u0131lar\u0131n yery\u00fcz\u00fcndeki izlerinin silinecek olmas\u0131 eski ve yeni Tanr\u0131lar\u0131 \u00e7ok endi\u015felendirmi\u015fti. Pangu, evreni yaratt\u0131ktan sonra kendisinden sonra gelecek Tanr\u0131 ve Yar\u0131-Tanr\u0131lara sadece bir &hellip; <a href=\"https:\/\/ageofcards.com\/tr\/first-game-story\/\">Read More<\/a><\/p>\n","protected":false},"author":1,"featured_media":0,"parent":0,"menu_order":0,"comment_status":"closed","ping_status":"closed","template":"","meta":{"footnotes":""},"class_list":["post-647","page","type-page","status-publish","hentry"],"_links":{"self":[{"href":"https:\/\/ageofcards.com\/tr\/wp-json\/wp\/v2\/pages\/647","targetHints":{"allow":["GET"]}}],"collection":[{"href":"https:\/\/ageofcards.com\/tr\/wp-json\/wp\/v2\/pages"}],"about":[{"href":"https:\/\/ageofcards.com\/tr\/wp-json\/wp\/v2\/types\/page"}],"author":[{"embeddable":true,"href":"https:\/\/ageofcards.com\/tr\/wp-json\/wp\/v2\/users\/1"}],"replies":[{"embeddable":true,"href":"https:\/\/ageofcards.com\/tr\/wp-json\/wp\/v2\/comments?post=647"}],"version-history":[{"count":41,"href":"https:\/\/ageofcards.com\/tr\/wp-json\/wp\/v2\/pages\/647\/revisions"}],"predecessor-version":[{"id":1340,"href":"https:\/\/ageofcards.com\/tr\/wp-json\/wp\/v2\/pages\/647\/revisions\/1340"}],"wp:attachment":[{"href":"https:\/\/ageofcards.com\/tr\/wp-json\/wp\/v2\/media?parent=647"}],"curies":[{"name":"wp","href":"https:\/\/api.w.org\/{rel}","templated":true}]}}