{"id":639,"date":"2022-03-12T09:15:06","date_gmt":"2022-03-12T09:15:06","guid":{"rendered":"https:\/\/web.ageofcards.com\/?page_id=639"},"modified":"2024-01-26T06:56:38","modified_gmt":"2024-01-26T06:56:38","slug":"main-story","status":"publish","type":"page","link":"https:\/\/ageofcards.com\/tr\/main-story\/","title":{"rendered":"Ana Konu"},"content":{"rendered":"\t\t<div data-elementor-type=\"wp-page\" data-elementor-id=\"639\" class=\"elementor elementor-639\">\n\t\t\t\t\t\t<div class=\"elementor-inner\">\n\t\t\t\t<div class=\"elementor-section-wrap\">\n\t\t\t\t\t\t\t\t\t<section class=\"elementor-section elementor-top-section elementor-element elementor-element-d727361 elementor-section-full_width elementor-section-stretched elementor-section-height-default elementor-section-height-default\" data-id=\"d727361\" data-element_type=\"section\" data-settings=\"{&quot;background_background&quot;:&quot;gradient&quot;,&quot;stretch_section&quot;:&quot;section-stretched&quot;}\">\n\t\t\t\t\t\t<div class=\"elementor-container elementor-column-gap-default\">\n\t\t\t\t\t\t\t<div class=\"elementor-row\">\n\t\t\t\t\t<div class=\"elementor-column elementor-col-100 elementor-top-column elementor-element elementor-element-14aa628\" data-id=\"14aa628\" data-element_type=\"column\">\n\t\t\t<div class=\"elementor-column-wrap elementor-element-populated\">\n\t\t\t\t\t\t\t<div class=\"elementor-widget-wrap\">\n\t\t\t\t\t\t<section class=\"elementor-section elementor-inner-section elementor-element elementor-element-7012c76 elementor-section-boxed elementor-section-height-default elementor-section-height-default\" data-id=\"7012c76\" data-element_type=\"section\">\n\t\t\t\t\t\t<div class=\"elementor-container elementor-column-gap-default\">\n\t\t\t\t\t\t\t<div class=\"elementor-row\">\n\t\t\t\t\t<div class=\"elementor-column elementor-col-25 elementor-inner-column elementor-element elementor-element-1ec198f\" data-id=\"1ec198f\" data-element_type=\"column\">\n\t\t\t<div class=\"elementor-column-wrap elementor-element-populated\">\n\t\t\t\t\t\t\t<div class=\"elementor-widget-wrap\">\n\t\t\t\t\t\t<div class=\"elementor-element elementor-element-919a59f elementor-widget elementor-widget-themo-call-to-action\" data-id=\"919a59f\" data-element_type=\"widget\" data-widget_type=\"themo-call-to-action.default\">\n\t\t\t\t<div class=\"elementor-widget-container\">\n\t\t\t\t\t<div class=\"th-cta\">\n\t\t\t\n                        <div class=\"th-cta-btn\">\n\n                                    <a class=\"btn-1 btn th-btn btn-ghost-light\" href=\"https:\/\/ageofcards.com\/universe-2\/\">\n                                                    Evrenin Olu\u015fumu                                            <\/a>\n                \n                            <\/div>\n            \t\t<\/div>\n\t\t\t\t<\/div>\n\t\t\t\t<\/div>\n\t\t\t\t\t\t<\/div>\n\t\t\t\t\t<\/div>\n\t\t<\/div>\n\t\t\t\t<div class=\"elementor-column elementor-col-25 elementor-inner-column elementor-element elementor-element-0100d31\" data-id=\"0100d31\" data-element_type=\"column\">\n\t\t\t<div class=\"elementor-column-wrap elementor-element-populated\">\n\t\t\t\t\t\t\t<div class=\"elementor-widget-wrap\">\n\t\t\t\t\t\t<div class=\"elementor-element elementor-element-5872579 elementor-widget elementor-widget-themo-call-to-action\" data-id=\"5872579\" data-element_type=\"widget\" data-widget_type=\"themo-call-to-action.default\">\n\t\t\t\t<div class=\"elementor-widget-container\">\n\t\t\t\t\t<div class=\"th-cta\">\n\t\t\t\n                        <div class=\"th-cta-btn\">\n\n                                    <a class=\"btn-1 btn th-btn btn-ghost-light\" href=\"https:\/\/ageofcards.com\/planets-2\/\">\n                                                    Gezegenler                                            <\/a>\n                \n                            <\/div>\n            \t\t<\/div>\n\t\t\t\t<\/div>\n\t\t\t\t<\/div>\n\t\t\t\t\t\t<\/div>\n\t\t\t\t\t<\/div>\n\t\t<\/div>\n\t\t\t\t<div class=\"elementor-column elementor-col-25 elementor-inner-column elementor-element elementor-element-244b6af\" data-id=\"244b6af\" data-element_type=\"column\">\n\t\t\t<div class=\"elementor-column-wrap elementor-element-populated\">\n\t\t\t\t\t\t\t<div class=\"elementor-widget-wrap\">\n\t\t\t\t\t\t<div class=\"elementor-element elementor-element-59fba64 elementor-widget elementor-widget-themo-call-to-action\" data-id=\"59fba64\" data-element_type=\"widget\" data-widget_type=\"themo-call-to-action.default\">\n\t\t\t\t<div class=\"elementor-widget-container\">\n\t\t\t\t\t<div class=\"th-cta\">\n\t\t\t\n                        <div class=\"th-cta-btn\">\n\n                                    <a class=\"btn-1 btn th-btn btn-ghost-light\" href=\"https:\/\/ageofcards.com\/main-story\/\">\n                                                    Ana Konu                                            <\/a>\n                \n                            <\/div>\n            \t\t<\/div>\n\t\t\t\t<\/div>\n\t\t\t\t<\/div>\n\t\t\t\t\t\t<\/div>\n\t\t\t\t\t<\/div>\n\t\t<\/div>\n\t\t\t\t<div class=\"elementor-column elementor-col-25 elementor-inner-column elementor-element elementor-element-2e273ea\" data-id=\"2e273ea\" data-element_type=\"column\">\n\t\t\t<div class=\"elementor-column-wrap elementor-element-populated\">\n\t\t\t\t\t\t\t<div class=\"elementor-widget-wrap\">\n\t\t\t\t\t\t<div class=\"elementor-element elementor-element-c1f12f6 elementor-widget elementor-widget-themo-call-to-action\" data-id=\"c1f12f6\" data-element_type=\"widget\" data-widget_type=\"themo-call-to-action.default\">\n\t\t\t\t<div class=\"elementor-widget-container\">\n\t\t\t\t\t<div class=\"th-cta\">\n\t\t\t\n                        <div class=\"th-cta-btn\">\n\n                                    <a class=\"btn-1 btn th-btn btn-ghost-light\" href=\"https:\/\/ageofcards.com\/first-game-story\/\">\n                                                    \u0130lk Oyunun Konusu                                            <\/a>\n                \n                            <\/div>\n            \t\t<\/div>\n\t\t\t\t<\/div>\n\t\t\t\t<\/div>\n\t\t\t\t\t\t<\/div>\n\t\t\t\t\t<\/div>\n\t\t<\/div>\n\t\t\t\t\t\t\t\t<\/div>\n\t\t\t\t\t<\/div>\n\t\t<\/section>\n\t\t\t\t\t\t<\/div>\n\t\t\t\t\t<\/div>\n\t\t<\/div>\n\t\t\t\t\t\t\t\t<\/div>\n\t\t\t\t\t<\/div>\n\t\t<\/section>\n\t\t\t\t<section class=\"elementor-section elementor-top-section elementor-element elementor-element-5ef6aefb elementor-section-full_width elementor-section-content-middle elementor-section-stretched elementor-section-height-default elementor-section-height-default\" data-id=\"5ef6aefb\" data-element_type=\"section\" data-settings=\"{&quot;background_background&quot;:&quot;classic&quot;,&quot;stretch_section&quot;:&quot;section-stretched&quot;}\">\n\t\t\t\t\t\t<div class=\"elementor-container elementor-column-gap-no\">\n\t\t\t\t\t\t\t<div class=\"elementor-row\">\n\t\t\t\t\t<div class=\"elementor-column elementor-col-50 elementor-top-column elementor-element elementor-element-353ca38d elementor-invisible\" data-id=\"353ca38d\" data-element_type=\"column\" data-settings=\"{&quot;background_background&quot;:&quot;classic&quot;,&quot;animation&quot;:&quot;fadeInLeft&quot;}\">\n\t\t\t<div class=\"elementor-column-wrap elementor-element-populated\">\n\t\t\t\t\t<div class=\"elementor-background-overlay\"><\/div>\n\t\t\t\t\t\t\t<div class=\"elementor-widget-wrap\">\n\t\t\t\t\t\t<div class=\"elementor-element elementor-element-4fc1301a elementor-widget elementor-widget-heading\" data-id=\"4fc1301a\" data-element_type=\"widget\" data-widget_type=\"heading.default\">\n\t\t\t\t<div class=\"elementor-widget-container\">\n\t\t\t<h4 class=\"elementor-heading-title elementor-size-default\">ANA KONU<\/h4>\t\t<\/div>\n\t\t\t\t<\/div>\n\t\t\t\t\t\t<\/div>\n\t\t\t\t\t<\/div>\n\t\t<\/div>\n\t\t\t\t<div class=\"elementor-column elementor-col-50 elementor-top-column elementor-element elementor-element-1b964983\" data-id=\"1b964983\" data-element_type=\"column\">\n\t\t\t<div class=\"elementor-column-wrap elementor-element-populated\">\n\t\t\t\t\t\t\t<div class=\"elementor-widget-wrap\">\n\t\t\t\t\t\t<div class=\"elementor-element elementor-element-72c985b1 elementor-drop-cap-yes elementor-drop-cap-view-default elementor-widget elementor-widget-text-editor\" data-id=\"72c985b1\" data-element_type=\"widget\" data-settings=\"{&quot;drop_cap&quot;:&quot;yes&quot;}\" data-widget_type=\"text-editor.default\">\n\t\t\t\t<div class=\"elementor-widget-container\">\n\t\t\t\t\t\t\t\t<div class=\"elementor-text-editor elementor-clearfix\">\n\t\t\t\t<p>Gazyon\u2019un su kaynaklar\u0131n\u0131n kurumas\u0131ndan dolay\u0131 sonu geliyor. Bundan dolay\u0131 kendisine en yak\u0131n su kaynaklar\u0131 olan bir gezegeni istila etmek zorunda.<\/p><p>Kendisine en yak\u0131n, h\u0131zl\u0131 bir \u015fekilde yerle\u015fip yeniden in\u015fa edebilece\u011fi, geni\u015f su kaynaklar\u0131na sahip &#8220;D\u00fcnya&#8221; ve \u201cDelyum\u201d gezegenleri var.<\/p><p>D\u00fcnya\u2019y\u0131 istila karar\u0131 almadan \u00f6nce Gazyon (\u0130mparatorluk), Delyum\u2019a (\u0130lkel gezegen) sald\u0131r\u0131 d\u00fczenlemi\u015ftir. Sald\u0131r\u0131lar atmosfere girdikten sonra ger\u00e7ekle\u015ftirilebiliyor. Delyum\u2019un en d\u0131\u015f katman\u0131ndaki atmosfer tabakas\u0131 tanr\u0131lar\u0131n g\u00fc\u00e7leriyle yo\u011funla\u015ft\u0131r\u0131l\u0131yor, b\u00f6ylece d\u0131\u015far\u0131dan gelen \u0131\u015f\u0131nlar absorbe ediliyor. Uzay gemileri girmeye kalkarlarsa par\u00e7alan\u0131yor. Bombalar da yo\u011fun atmosferin s\u00fcrt\u00fcnmesiyle g\u00f6kta\u015f\u0131 ya\u011fmuru gibi atmosferde eriyor.<\/p><p>Uzay gemileri kontroll\u00fc bir \u015fekilde girdiklerinde ise evrendeki her t\u00fcrl\u00fc istilaya kar\u015f\u0131 dayan\u0131kl\u0131 hale gelmi\u015f y\u0131rt\u0131c\u0131 hayvanlar\u0131n ya da ejderhalar\u0131n sald\u0131r\u0131s\u0131na u\u011fruyorlar.<\/p><p>Bu ilkel gezegendeki Tanr\u0131lar, onlar\u0131n kontrol etti\u011fi hayvanlar, ejderhalar ve volkan patlamalar\u0131 istilaya imkan vermemektedir. Atmosfere girip havadan d\u00fczenlenen sald\u0131r\u0131larda y\u0131rt\u0131c\u0131 ku\u015flar ve ejderhalar uzay gemilerini par\u00e7alamaktad\u0131r. Yerden d\u00fczenlenen sald\u0131r\u0131larda dinozorlar\u0131 a\u015fmak imkans\u0131zd\u0131r. Dinozorlardaki ileti\u015fim a\u011f\u0131 d\u00fcnyadaki hayvanlar\u0131n ses ile ileti\u015fim kurmas\u0131ndan daha h\u0131zl\u0131. Ayr\u0131ca beyinlerinin belli bir b\u00f6lgesi \u0131\u015f\u0131k h\u0131z\u0131nda manyetik dalgalar yayarak hedefi an\u0131nda saptayabiliyorlar.<\/p><p>Tanr\u0131lar\u0131n ve dinozorlar\u0131n manyetik alan olu\u015fumlar\u0131yla ve yerk\u00fcrenin yeniden \u015fekillenmesi ile say\u0131s\u0131z volkan patlamas\u0131 ya\u015fanmakta. Bu volkan patlamalar\u0131 kara hareketine imkan vermemektedir.<\/p>\t\t\t\t\t<\/div>\n\t\t\t\t\t\t<\/div>\n\t\t\t\t<\/div>\n\t\t\t\t<div class=\"elementor-element elementor-element-4861b73f elementor-widget elementor-widget-text-editor\" data-id=\"4861b73f\" data-element_type=\"widget\" data-widget_type=\"text-editor.default\">\n\t\t\t\t<div class=\"elementor-widget-container\">\n\t\t\t\t\t\t\t\t<div class=\"elementor-text-editor elementor-clearfix\">\n\t\t\t\t<p class=\"MsoNormal\" style=\"text-align: justify; text-indent: 18.0pt;\">Gazyon, en ilkel gezegen olan Delyum\u2019u istila edememekte ve binlerce y\u0131ld\u0131r bu u\u011furda b\u00fcy\u00fck kay\u0131plar vermektedir. Bu sebepten dolay\u0131 Gazyon\u2019un imparatoru istemeyerek de olsa Delyum\u2019a sald\u0131r\u0131 d\u00fczenlemeyi b\u0131rakm\u0131\u015f ve D\u00fcnya\u2019y\u0131 istila etme karar\u0131 alm\u0131\u015ft\u0131r.\u00a0\u00a0<\/p><p class=\"MsoNormal\" style=\"text-align: justify; text-indent: 18.0pt;\">1962 y\u0131l\u0131nda bir Gazyon uzay arac\u0131n\u0131n d\u00fcnyaya \u00e7arpmas\u0131 ile NASA\u2019n\u0131n Gazyon gezegeni ile ileti\u015fimi ba\u015flam\u0131\u015ft\u0131r. Olay bas\u0131nda hemen \u00f6rtbas edilmi\u015ftir.<\/p><p class=\"MsoNormal\" style=\"text-align: justify; text-indent: 18.0pt;\">Gazyon gezegeni \u0130mparatoru D\u00fcnya&#8217;ya 50 y\u0131ll\u0131k bir tahliye plan\u0131 yapar. D\u00fcnya&#8217;y\u0131 y\u00f6neten ailelerin, bilim adamlar\u0131n\u0131n ve 100 milyon se\u00e7ilmi\u015f insan\u0131n Yeni D\u00fcnya&#8217;da ya\u015fayabilece\u011fini s\u00f6yler. Di\u011fer t\u00fcm insanlar ise \u00f6ld\u00fcr\u00fclecektir.\u00a0<\/p><p class=\"MsoNormal\" style=\"text-align: justify; text-indent: 18.0pt;\">D\u00fcnya&#8217;n\u0131n bu teklifi kabul etmemesi durumunda d\u00fcnya istila edilecek ve tek bir insan dahi hayatta kalmayacakt\u0131r.\u00a0<\/p><p class=\"MsoNormal\" style=\"text-align: justify; text-indent: 18.0pt;\">D\u00fcnya\u2019n\u0131n \u00f6nde gelen aileleri, CIA ve di\u011fer gizli \u00f6rg\u00fctler teklifi kabul etmi\u015flerdir. Zaman\u0131n ba\u015fkan\u0131 John Kennedy ise teklifi kabul etmemekte ve direnmektedir.<\/p><p>\u00a0<\/p><p class=\"MsoNormal\" style=\"text-align: justify; text-indent: 18.0pt;\">Kennedy bu ger\u00e7e\u011fi daha fazla saklamak istemez, \u00fczerinde olu\u015fan bask\u0131 g\u00fcnden g\u00fcne artar ve art\u0131k bu ger\u00e7e\u011fi halka a\u00e7\u0131klamak ister. Bu sorunun sadece 6 \u00fclkenin ba\u015fkan\u0131 ile gizli kap\u0131lar ard\u0131nda pazarl\u0131k yap\u0131larak \u00e7\u00f6z\u00fclebilecek bir konu olmad\u0131\u011f\u0131na inan\u0131r. Bu sorunu t\u00fcm D\u00fcnya \u00fclkeleri ile payla\u015fmakta kararl\u0131d\u0131r.\u00a0<\/p>\t\t\t\t\t<\/div>\n\t\t\t\t\t\t<\/div>\n\t\t\t\t<\/div>\n\t\t\t\t\t\t<\/div>\n\t\t\t\t\t<\/div>\n\t\t<\/div>\n\t\t\t\t\t\t\t\t<\/div>\n\t\t\t\t\t<\/div>\n\t\t<\/section>\n\t\t\t\t<section class=\"elementor-section elementor-top-section elementor-element elementor-element-236cb14 elementor-section-boxed elementor-section-height-default elementor-section-height-default\" data-id=\"236cb14\" data-element_type=\"section\">\n\t\t\t\t\t\t\t<div class=\"elementor-background-overlay\"><\/div>\n\t\t\t\t\t\t\t<div class=\"elementor-container elementor-column-gap-default\">\n\t\t\t\t\t\t\t<div class=\"elementor-row\">\n\t\t\t\t\t<div class=\"elementor-column elementor-col-100 elementor-top-column elementor-element elementor-element-33238fb\" data-id=\"33238fb\" data-element_type=\"column\">\n\t\t\t<div class=\"elementor-column-wrap elementor-element-populated\">\n\t\t\t\t\t\t\t<div class=\"elementor-widget-wrap\">\n\t\t\t\t\t\t<div class=\"elementor-element elementor-element-708124e elementor-drop-cap-yes elementor-drop-cap-view-default elementor-invisible elementor-widget elementor-widget-text-editor\" data-id=\"708124e\" data-element_type=\"widget\" data-settings=\"{&quot;drop_cap&quot;:&quot;yes&quot;,&quot;_animation&quot;:&quot;fadeInUp&quot;}\" data-widget_type=\"text-editor.default\">\n\t\t\t\t<div class=\"elementor-widget-container\">\n\t\t\t\t\t\t\t\t<div class=\"elementor-text-editor elementor-clearfix\">\n\t\t\t\t<p>Kennedy \u00e7ok kararl\u0131d\u0131r ve 1963 y\u0131l\u0131nda Dallas\u2019ta bu ger\u00e7e\u011fi t\u00fcm D\u00fcnya\u2019ya duyurmak ister. Yap\u0131lan bask\u0131lar Kennedy\u2019i vazge\u00e7iremez. Ancak Kennedy, Dallas\u2019ta a\u00e7\u0131klama yapaca\u011f\u0131 g\u00fcn suikaste u\u011frar ve \u00f6l\u00fcr.<\/p><p>Kennedy\u2019nin \u00f6l\u00fcm\u00fcnden sonra Amerika, Rusya, \u00c7in, Hindistan, \u0130ngiltere ve Kore toplan\u0131r; yeni d\u00fcnya d\u00fczeni, uzayl\u0131lar ile beraber ya\u015fam ve 100 milyon insan se\u00e7imi i\u00e7in konu\u015furlar.<\/p><p>Kurulan komisyona uzay bilimci Profes\u00f6r Wallis ve viroloji uzman\u0131 Profes\u00f6r Kumar ba\u015fkanl\u0131k yapar. Profes\u00f6rler tek \u00e7arenin teslimiyet olmayaca\u011f\u0131n\u0131 d\u00fc\u015f\u00fcnmektedir. E\u011fer Gazyon ba\u015fka bir gezegeni istila etmesi gerekiyorsa bu sadece D\u00fcnya m\u0131 olmak zorundad\u0131r? D\u00fcnya ile ayn\u0131 ko\u015fullara sahip ba\u015fka bir gezegen bulunabilir ve Gazyon, oray\u0131 istila edebilir tezini \u00f6ne s\u00fcrmektedir. Profes\u00f6r Kumar ise komisyona ellerindeki vir\u00fcsler hakk\u0131nda bilgiler ve olas\u0131 bir biyolojik sava\u015fta D\u00fcnya\u2019n\u0131n yenilme ihtimalinin d\u00fc\u015f\u00fck oldu\u011funu aktar\u0131r.<\/p><p>Komisyon Gazyon \u0130mparatoru ile ileti\u015fime ge\u00e7er. \u0130mparator t\u00fcm galaksiyi ara\u015ft\u0131rd\u0131klar\u0131n\u0131 ve kendilerine yak\u0131n yeniden in\u015fa edebilecekleri, geni\u015f su yataklar\u0131na sahip &#8220;D\u00fcnya&#8221; ve D\u00fcnya&#8217;dan \u00e7ok daha ilkel bir gezegen olan Delyum\u2019un oldu\u011funu s\u00f6yler ve binlerce y\u0131ld\u0131r Delyum ile olan sava\u015flar\u0131n\u0131 anlat\u0131r.<\/p><p>Profes\u00f6r Wallis bu gezegen hakk\u0131nda detayl\u0131 bilgiler ve 24 ay gibi bir s\u00fcre ister. Gazyon \u0130mparatorlu\u011fu t\u00fcm verileri payla\u015f\u0131r ve bu verilen s\u00fcrenin son s\u00fcre oldu\u011funu komisyona hat\u0131rlat\u0131r. Bu s\u00fcre imparatorunda i\u015fine gelmi\u015ftir \u00e7\u00fcnk\u00fc olas\u0131 bir biyolojik sava\u015fta D\u00fcnya ile nas\u0131l ba\u015fa \u00e7\u0131kaca\u011f\u0131n\u0131 planlamas\u0131 gerekmektedir.<\/p><p>Profes\u00f6r Wallis ve ekibi Delyum gezegenin t\u00fcm olu\u015fumlar\u0131n\u0131n ve ko\u015fullar\u0131n\u0131n D\u00fcnya ile ayn\u0131 oldu\u011funu g\u00f6r\u00fcr. Dinozorlar\u0131n olu\u015fum s\u00fcreci, yery\u00fcz\u00fcn\u00fcn olu\u015fum s\u00fcreci ve ya\u015fanan do\u011fa olaylar\u0131. Sanki bu Delyum, D\u00fcnya&#8217;n\u0131n ilkel bir paralel gezegenidir.\u00a0<\/p><p>Bu durumda muhtemelen 10 bin ile 30 bin y\u0131l i\u00e7inde b\u00fcy\u00fck bir asteroid yery\u00fcz\u00fcne \u00e7arpacak ve t\u00fcm ya\u015fam yok olacakt\u0131r.<\/p><p>Bu durumda Gazyon sava\u015fa girmeyerek ve kimseyi \u00f6ld\u00fcrmeyerek bu asteroid \u00e7arpmas\u0131ndan sonra gezegeni istila edebilir.<\/p><p>T\u00fcm veriler \u0130mparator ile payla\u015f\u0131l\u0131r. \u0130mparator, yap\u0131lan incelemeleri bilim adamlar\u0131 ile payla\u015f\u0131r ve tezin do\u011fru oldu\u011fu kan\u0131s\u0131na var\u0131l\u0131r. Delyum, D\u00fcnya\u2019n\u0131n ilkel bir paralel gezegenidir. B\u00f6ylece Delyum ile bir daha sava\u015fmaya veya D\u00fcnya&#8217;y\u0131 istila etmeye gerek yoktur.<\/p><p>Profes\u00f6r\u00fcn i\u00e7i rahatlam\u0131\u015ft\u0131r. \u00c7al\u0131\u015fmalar\u0131na a\u011f\u0131rl\u0131k verip ekibiyle birlikte paralel evren ara\u015ft\u0131rmas\u0131na girer.<\/p><p>Bu haber imparatorda ve D\u00fcnya&#8217;n\u0131n ileri gelen ailelerinde b\u00fcy\u00fck bir mutluluk yarat\u0131r. Gazyon\u2019un ba\u015f d\u00fc\u015fmanlar\u0131ndan biri olan Matun Gezegeni\u2019nin \u0130mparatoru ise bu duruma \u00e7ok sinirlenir. T\u00fcm planlar\u0131 Gazyon Gezegeni&#8217;nin su s\u0131k\u0131nt\u0131lar\u0131 \u00e7ekmeye ve i\u00e7 \u00e7at\u0131\u015fmalar\u0131n \u00e7\u0131kmaya ba\u015flamas\u0131 \u00fczerinedir. Bu durumda galaksinin ikinci en b\u00fcy\u00fck gezegeni olan Matun sistemin ba\u015f\u0131na ge\u00e7ecektir.\u00a0<\/p><p>Matun imparatoru hain bir plan yapar. E\u011fer Gazyon gezegeninin su kaynaklar\u0131 beklenenden \u00f6nce t\u00fckenmeye ba\u015flarsa Gazyon\u2019un ba\u015fka se\u00e7ene\u011fi olmayaca\u011f\u0131 i\u00e7in tekrar sava\u015fa girece\u011fini d\u00fc\u015f\u00fcn\u00fcr.<\/p><p>Gazyon imparatoru ile karde\u015finin aras\u0131 \u00e7ok iyi de\u011fildir. Gazyon \u0130mparatoru\u2019nun karde\u015fi, kendisinin daha yetenekli oldu\u011funu ve as\u0131l imparatorlu\u011fun onun hakk\u0131 oldu\u011funu d\u00fc\u015f\u00fcn\u00fcr.<\/p><p>Matun imparatorlu\u011fu bu durumdan istifaden imparatorun karde\u015fi ile bir anla\u015fma yapar. Yeralt\u0131ndaki devasa su kaynaklar\u0131na sald\u0131r\u0131lar d\u00fczenlenecek ve su\u00e7 asilerin \u00fczerine at\u0131lacakt\u0131r. Su rezervleri 100 bin y\u0131ldan a\u015fa\u011f\u0131 d\u00fc\u015ferse Gazyon gezegeni mecburen D\u00fcnya veya Delyum ile sava\u015fa girmek zorunda kalacakt\u0131r. Ayr\u0131ca su kaynaklar\u0131n\u0131 kuruttu\u011funu d\u00fc\u015f\u00fcnd\u00fckleri asilerle kar\u015f\u0131 kar\u015f\u0131ya gelecek ve bir yandan i\u00e7 \u00e7at\u0131\u015fma da \u00e7\u0131km\u0131\u015f olacakt\u0131r.<\/p><p>Matun gezegeni imparatorun karde\u015fi ile hain plan\u0131n\u0131 ger\u00e7ekle\u015ftirir ve su kaynaklar\u0131na sald\u0131r\u0131lar d\u00fczenler ve ciddi hasarlar verir. Asilerle imparatorluk aras\u0131nda amans\u0131z bir \u00e7at\u0131\u015fma da boy g\u00f6sterir.\u00a0<\/p><p>\u0130mparator zor g\u00fcnler ge\u00e7iriyordur. D\u00fcnya ile bir anla\u015fma yapm\u0131\u015ft\u0131r ve bu anla\u015fmay\u0131 bozan tarafta olmak istemiyordur. \u0130mparator, D\u00fcnya ile ileti\u015fime ge\u00e7er ve bu durumu anlat\u0131r. Komite, imparatora Delyum&#8217;un yok edilmesinde yard\u0131m etmeyi \u00f6nerir. D\u00fcnya\u2019n\u0131n biyolojik deste\u011fiyle Delyum kolayca yok edilebilir.<\/p><p>D\u00fcnya ile Gazyon bir anla\u015fma yaparlar. Gazyon Amerika\u2019n\u0131n Nevada \u00e7\u00f6l\u00fcnde bulunan 51. B\u00f6lge\u2019de \u00f6zel bir \u00fcs kuracak ve sald\u0131r\u0131lar\u0131 buradan y\u00f6netecektir. D\u00fcnya\u2019n\u0131n ilgisini farkl\u0131 yerlere \u00e7ekmek i\u00e7in de orta do\u011fuda b\u00fcy\u00fck sava\u015flar \u00e7\u0131kar\u0131lacakt\u0131r. Yap\u0131lan t\u00fcm planlamalar D\u00fcnya n\u00fcfusunun azalt\u0131lmas\u0131, i\u00e7 \u00e7at\u0131\u015fmalar ve sava\u015f \u00fczerinedir.<\/p><p>Bu anla\u015fmay\u0131 \u00f6\u011frenen Matun imparatoru bir kez daha hayal k\u0131r\u0131kl\u0131\u011f\u0131na u\u011frar. D\u00fcnya ile Gazyon aras\u0131ndaki anla\u015fmay\u0131 mutlaka bozmal\u0131 ve D\u00fcnya\u2019n\u0131n biyolojik silahlar\u0131n\u0131 ele ge\u00e7irmelidir.<\/p><p>Matun imparatoru, Rusya ve \u00c7in ile ileti\u015fime ge\u00e7er. Gazyon ile anla\u015fman\u0131n sona ermesini ve D\u00fcnya ile Matun gezegeninin anla\u015fma yapmas\u0131n\u0131 ister. Bunun kar\u015f\u0131l\u0131\u011f\u0131nda yeni kurulacak d\u00fcnya d\u00fczeninde Amerika ve Avrupa devre d\u0131\u015f\u0131 b\u0131rak\u0131lacakt\u0131r. Matun D\u00fcnya&#8217;n\u0131n i\u00e7 i\u015flerine kar\u0131\u015fmayacak ve t\u00fcm D\u00fcnya&#8217;y\u0131 Rusya ve \u00c7in y\u00f6netecektir. Teklifi Rusya ve \u00c7in kabul ederler.<\/p><p>Matun gezegeni, Gazyon imparatorunun karde\u015finin yard\u0131m\u0131 ile D\u00fcnya&#8217;ya, Gazyon\u2019un g\u00fcne\u015f sistemine \u00e7ok yak\u0131n bir yerde bulunan gizli sava\u015f \u00fcss\u00fcnden bir meteor ya\u011fmuru yollar. \u0130mparatorun karde\u015fi, abisine bir kez daha ihanet etmi\u015ftir.\u00a0\u00a0<\/p><p>Meteor ya\u011fmurunun geldi\u011fi yeri ara\u015ft\u0131ran komisyon, Gazyon\u2019un daha \u00f6nce bildirdi\u011fi hi\u00e7bir uydu teleskobunda g\u00f6z\u00fckmeyen savunma \u00fcss\u00fcnden geldi\u011fini anlar. Meteor ya\u011fmuru D\u00fcnya\u2019ya pek bir hasar vermeyecek bile olsa komisyonun g\u00fcveni sars\u0131l\u0131r ve bu yap\u0131lan tahrik sald\u0131r\u0131s\u0131n\u0131n amac\u0131n\u0131 anlayamaz.<\/p><p>Meteor ya\u011fmurunun yan\u0131nda uzay gemileri g\u00f6r\u00fcl\u00fcr. Bu uzay gemileri Matun gezegeninin gemileridir.\u00a0 Matun ordusu meteor ya\u011fmurunu bir tehlike olu\u015fturmadan imha eder.<\/p><p>Amerika, \u0130ngiltere, Kore, \u00c7in, Rusya ve Hindistan acil durum de\u011ferlendirmesi yapar.\u00a0 \u00c7in ve Rusya&#8217;n\u0131n konseyde bask\u0131 uygulamas\u0131 sonucunda Gazyon ile yap\u0131lan anla\u015fma iptal edilmek istenmektedir.\u00a0\u00a0<\/p><p>Gazyon imparatoru t\u00fcm bu olup bitenlere bir anlam veremez. Sa\u011fl\u0131k sorunlar\u0131 ve i\u00e7 sava\u015fla u\u011fra\u015f\u0131rken karde\u015fini D\u00fcnya ile ileti\u015fime ge\u00e7mesi i\u00e7in yollar. Sald\u0131r\u0131y\u0131 Gazyon gezegeninin yapmad\u0131\u011f\u0131n\u0131 ve olay\u0131n ara\u015ft\u0131r\u0131laca\u011f\u0131n\u0131 aktarmas\u0131n\u0131 ister.<\/p><p>\u0130mparatorun hain karde\u015fi D\u00fcnya&#8217;ya gelir ve aksine sald\u0131r\u0131y\u0131 kabul edip D\u00fcnya&#8217;y\u0131 tehdit eder. \u0130li\u015fkiler iyice kopma noktas\u0131na gelmi\u015ftir.<\/p><p>Bu toplant\u0131dan hemen sonra Matun gezegeni ba\u015fkan\u0131 D\u00fcnya ile ileti\u015fim kurar ve onlara koruma s\u00f6z\u00fc verir. Gazyon imparatoru hi\u00e7bir \u015fekilde D\u00fcnya&#8217;ya sald\u0131ramayacakt\u0131r. Matun Gezegeni onlar\u0131 olas\u0131 bir sald\u0131r\u0131dan koruyacakt\u0131r. Matun gezegeni, Rusya ve \u00c7in&#8217;in planlar\u0131 harfiyen i\u015flemi\u015ftir.\u00a0<\/p><p>Gazyon imparatoru asilerle i\u00e7 sava\u015f halindedir. D\u00fcnyaya olas\u0131 bir sald\u0131r\u0131 d\u00fczenlenmesinde Matun gezegenine kar\u015f\u0131 sava\u015f\u0131rsa galaksi sisteminden destek alamayacakt\u0131r. Zaten i\u00e7eride asiler \u00e7ok ciddi yaralar vermektedir.<\/p><p>Matun ba\u015fkan\u0131n\u0131n plan\u0131ysa \u00e7ok farkl\u0131d\u0131r. D\u00fcnya&#8217;y\u0131 ilkel Delyum Gezegeni\u2019nin istilas\u0131 i\u00e7in kullanacak, istiladan sonra D\u00fcnya ile olan anla\u015fmas\u0131n\u0131 bitirecek ve D\u00fcnya&#8217;y\u0131 da istila edecektir. Bu s\u00fcrede Gazyon imparatorlu\u011fu kaybedecek ve Matun ba\u015fkan\u0131 yeni imparator olacakt\u0131r.<\/p>\t\t\t\t\t<\/div>\n\t\t\t\t\t\t<\/div>\n\t\t\t\t<\/div>\n\t\t\t\t\t\t<\/div>\n\t\t\t\t\t<\/div>\n\t\t<\/div>\n\t\t\t\t\t\t\t\t<\/div>\n\t\t\t\t\t<\/div>\n\t\t<\/section>\n\t\t\t\t\t\t\t\t\t<\/div>\n\t\t\t<\/div>\n\t\t\t\t\t<\/div>\n\t\t","protected":false},"excerpt":{"rendered":"<p>Evrenin Olu\u015fumu Gezegenler Ana Konu \u0130lk Oyunun Konusu ANA KONU Gazyon\u2019un su kaynaklar\u0131n\u0131n kurumas\u0131ndan dolay\u0131 sonu geliyor. Bundan dolay\u0131 kendisine en yak\u0131n su kaynaklar\u0131 olan bir gezegeni istila etmek zorunda. Kendisine en yak\u0131n, h\u0131zl\u0131 bir \u015fekilde yerle\u015fip yeniden in\u015fa edebilece\u011fi, &hellip; <a href=\"https:\/\/ageofcards.com\/tr\/main-story\/\">Read More<\/a><\/p>\n","protected":false},"author":1,"featured_media":0,"parent":0,"menu_order":0,"comment_status":"closed","ping_status":"closed","template":"","meta":{"footnotes":""},"class_list":["post-639","page","type-page","status-publish","hentry"],"_links":{"self":[{"href":"https:\/\/ageofcards.com\/tr\/wp-json\/wp\/v2\/pages\/639","targetHints":{"allow":["GET"]}}],"collection":[{"href":"https:\/\/ageofcards.com\/tr\/wp-json\/wp\/v2\/pages"}],"about":[{"href":"https:\/\/ageofcards.com\/tr\/wp-json\/wp\/v2\/types\/page"}],"author":[{"embeddable":true,"href":"https:\/\/ageofcards.com\/tr\/wp-json\/wp\/v2\/users\/1"}],"replies":[{"embeddable":true,"href":"https:\/\/ageofcards.com\/tr\/wp-json\/wp\/v2\/comments?post=639"}],"version-history":[{"count":32,"href":"https:\/\/ageofcards.com\/tr\/wp-json\/wp\/v2\/pages\/639\/revisions"}],"predecessor-version":[{"id":1328,"href":"https:\/\/ageofcards.com\/tr\/wp-json\/wp\/v2\/pages\/639\/revisions\/1328"}],"wp:attachment":[{"href":"https:\/\/ageofcards.com\/tr\/wp-json\/wp\/v2\/media?parent=639"}],"curies":[{"name":"wp","href":"https:\/\/api.w.org\/{rel}","templated":true}]}}