{"id":623,"date":"2022-03-12T08:56:54","date_gmt":"2022-03-12T08:56:54","guid":{"rendered":"https:\/\/web.ageofcards.com\/?page_id=623"},"modified":"2024-01-26T06:55:49","modified_gmt":"2024-01-26T06:55:49","slug":"planets-2","status":"publish","type":"page","link":"https:\/\/ageofcards.com\/tr\/planets-2\/","title":{"rendered":"Gezegenler"},"content":{"rendered":"\t\t<div data-elementor-type=\"wp-page\" data-elementor-id=\"623\" class=\"elementor elementor-623\">\n\t\t\t\t\t\t<div class=\"elementor-inner\">\n\t\t\t\t<div class=\"elementor-section-wrap\">\n\t\t\t\t\t\t\t\t\t<section class=\"elementor-section elementor-top-section elementor-element elementor-element-39136d3 elementor-section-full_width elementor-section-stretched elementor-section-height-default elementor-section-height-default\" data-id=\"39136d3\" data-element_type=\"section\" data-settings=\"{&quot;background_background&quot;:&quot;gradient&quot;,&quot;stretch_section&quot;:&quot;section-stretched&quot;}\">\n\t\t\t\t\t\t<div class=\"elementor-container elementor-column-gap-default\">\n\t\t\t\t\t\t\t<div class=\"elementor-row\">\n\t\t\t\t\t<div class=\"elementor-column elementor-col-100 elementor-top-column elementor-element elementor-element-3d2da98\" data-id=\"3d2da98\" data-element_type=\"column\">\n\t\t\t<div class=\"elementor-column-wrap elementor-element-populated\">\n\t\t\t\t\t\t\t<div class=\"elementor-widget-wrap\">\n\t\t\t\t\t\t<section class=\"elementor-section elementor-inner-section elementor-element elementor-element-b2c5916 elementor-section-boxed elementor-section-height-default elementor-section-height-default\" data-id=\"b2c5916\" data-element_type=\"section\">\n\t\t\t\t\t\t<div class=\"elementor-container elementor-column-gap-default\">\n\t\t\t\t\t\t\t<div class=\"elementor-row\">\n\t\t\t\t\t<div class=\"elementor-column elementor-col-25 elementor-inner-column elementor-element elementor-element-b406da7\" data-id=\"b406da7\" data-element_type=\"column\">\n\t\t\t<div class=\"elementor-column-wrap elementor-element-populated\">\n\t\t\t\t\t\t\t<div class=\"elementor-widget-wrap\">\n\t\t\t\t\t\t<div class=\"elementor-element elementor-element-1e39f43 elementor-widget elementor-widget-themo-call-to-action\" data-id=\"1e39f43\" data-element_type=\"widget\" data-widget_type=\"themo-call-to-action.default\">\n\t\t\t\t<div class=\"elementor-widget-container\">\n\t\t\t\t\t<div class=\"th-cta\">\n\t\t\t\n                        <div class=\"th-cta-btn\">\n\n                                    <a class=\"btn-1 btn th-btn btn-ghost-light\" href=\"https:\/\/ageofcards.com\/universe-2\/\">\n                                                    Evrenin Olu\u015fumu                                            <\/a>\n                \n                            <\/div>\n            \t\t<\/div>\n\t\t\t\t<\/div>\n\t\t\t\t<\/div>\n\t\t\t\t\t\t<\/div>\n\t\t\t\t\t<\/div>\n\t\t<\/div>\n\t\t\t\t<div class=\"elementor-column elementor-col-25 elementor-inner-column elementor-element elementor-element-14360b7\" data-id=\"14360b7\" data-element_type=\"column\">\n\t\t\t<div class=\"elementor-column-wrap elementor-element-populated\">\n\t\t\t\t\t\t\t<div class=\"elementor-widget-wrap\">\n\t\t\t\t\t\t<div class=\"elementor-element elementor-element-5a1be4a elementor-widget elementor-widget-themo-call-to-action\" data-id=\"5a1be4a\" data-element_type=\"widget\" data-widget_type=\"themo-call-to-action.default\">\n\t\t\t\t<div class=\"elementor-widget-container\">\n\t\t\t\t\t<div class=\"th-cta\">\n\t\t\t\n                        <div class=\"th-cta-btn\">\n\n                                    <a class=\"btn-1 btn th-btn btn-ghost-light\" href=\"https:\/\/ageofcards.com\/planets-2\/\">\n                                                    Gezegenler                                            <\/a>\n                \n                            <\/div>\n            \t\t<\/div>\n\t\t\t\t<\/div>\n\t\t\t\t<\/div>\n\t\t\t\t\t\t<\/div>\n\t\t\t\t\t<\/div>\n\t\t<\/div>\n\t\t\t\t<div class=\"elementor-column elementor-col-25 elementor-inner-column elementor-element elementor-element-87912d9\" data-id=\"87912d9\" data-element_type=\"column\">\n\t\t\t<div class=\"elementor-column-wrap elementor-element-populated\">\n\t\t\t\t\t\t\t<div class=\"elementor-widget-wrap\">\n\t\t\t\t\t\t<div class=\"elementor-element elementor-element-c38b8c3 elementor-widget elementor-widget-themo-call-to-action\" data-id=\"c38b8c3\" data-element_type=\"widget\" data-widget_type=\"themo-call-to-action.default\">\n\t\t\t\t<div class=\"elementor-widget-container\">\n\t\t\t\t\t<div class=\"th-cta\">\n\t\t\t\n                        <div class=\"th-cta-btn\">\n\n                                    <a class=\"btn-1 btn th-btn btn-ghost-light\" href=\"https:\/\/ageofcards.com\/main-story\/\">\n                                                    Ana Konu                                            <\/a>\n                \n                            <\/div>\n            \t\t<\/div>\n\t\t\t\t<\/div>\n\t\t\t\t<\/div>\n\t\t\t\t\t\t<\/div>\n\t\t\t\t\t<\/div>\n\t\t<\/div>\n\t\t\t\t<div class=\"elementor-column elementor-col-25 elementor-inner-column elementor-element elementor-element-47c2d80\" data-id=\"47c2d80\" data-element_type=\"column\">\n\t\t\t<div class=\"elementor-column-wrap elementor-element-populated\">\n\t\t\t\t\t\t\t<div class=\"elementor-widget-wrap\">\n\t\t\t\t\t\t<div class=\"elementor-element elementor-element-e53abec elementor-widget elementor-widget-themo-call-to-action\" data-id=\"e53abec\" data-element_type=\"widget\" data-widget_type=\"themo-call-to-action.default\">\n\t\t\t\t<div class=\"elementor-widget-container\">\n\t\t\t\t\t<div class=\"th-cta\">\n\t\t\t\n                        <div class=\"th-cta-btn\">\n\n                                    <a class=\"btn-1 btn th-btn btn-ghost-light\" href=\"https:\/\/ageofcards.com\/first-game-story\/\">\n                                                    \u0130lk Oyunun Konusu                                            <\/a>\n                \n                            <\/div>\n            \t\t<\/div>\n\t\t\t\t<\/div>\n\t\t\t\t<\/div>\n\t\t\t\t\t\t<\/div>\n\t\t\t\t\t<\/div>\n\t\t<\/div>\n\t\t\t\t\t\t\t\t<\/div>\n\t\t\t\t\t<\/div>\n\t\t<\/section>\n\t\t\t\t\t\t<\/div>\n\t\t\t\t\t<\/div>\n\t\t<\/div>\n\t\t\t\t\t\t\t\t<\/div>\n\t\t\t\t\t<\/div>\n\t\t<\/section>\n\t\t\t\t<section class=\"elementor-section elementor-top-section elementor-element elementor-element-5ef6aefb elementor-section-full_width elementor-section-content-middle elementor-section-stretched elementor-section-height-default elementor-section-height-default\" data-id=\"5ef6aefb\" data-element_type=\"section\" data-settings=\"{&quot;background_background&quot;:&quot;classic&quot;,&quot;stretch_section&quot;:&quot;section-stretched&quot;}\">\n\t\t\t\t\t\t<div class=\"elementor-container elementor-column-gap-no\">\n\t\t\t\t\t\t\t<div class=\"elementor-row\">\n\t\t\t\t\t<div class=\"elementor-column elementor-col-50 elementor-top-column elementor-element elementor-element-353ca38d elementor-invisible\" data-id=\"353ca38d\" data-element_type=\"column\" data-settings=\"{&quot;background_background&quot;:&quot;classic&quot;,&quot;animation&quot;:&quot;fadeInLeft&quot;}\">\n\t\t\t<div class=\"elementor-column-wrap elementor-element-populated\">\n\t\t\t\t\t<div class=\"elementor-background-overlay\"><\/div>\n\t\t\t\t\t\t\t<div class=\"elementor-widget-wrap\">\n\t\t\t\t\t\t<div class=\"elementor-element elementor-element-4fc1301a elementor-widget elementor-widget-heading\" data-id=\"4fc1301a\" data-element_type=\"widget\" data-widget_type=\"heading.default\">\n\t\t\t\t<div class=\"elementor-widget-container\">\n\t\t\t<h4 class=\"elementor-heading-title elementor-size-default\">GEZEGENLER<\/h4>\t\t<\/div>\n\t\t\t\t<\/div>\n\t\t\t\t\t\t<\/div>\n\t\t\t\t\t<\/div>\n\t\t<\/div>\n\t\t\t\t<div class=\"elementor-column elementor-col-50 elementor-top-column elementor-element elementor-element-1b964983\" data-id=\"1b964983\" data-element_type=\"column\">\n\t\t\t<div class=\"elementor-column-wrap elementor-element-populated\">\n\t\t\t\t\t\t\t<div class=\"elementor-widget-wrap\">\n\t\t\t\t\t\t<div class=\"elementor-element elementor-element-72c985b1 elementor-widget elementor-widget-text-editor\" data-id=\"72c985b1\" data-element_type=\"widget\" data-widget_type=\"text-editor.default\">\n\t\t\t\t<div class=\"elementor-widget-container\">\n\t\t\t\t\t\t\t\t<div class=\"elementor-text-editor elementor-clearfix\">\n\t\t\t\t<p>1) Delyum: \u0130lkel, ta\u015f devrinde olan \u00e7ok eski bir gezegen<\/p><p>2) D\u00fcnya: \u015eu anda ya\u015fad\u0131\u011f\u0131m\u0131z \u00e7a\u011fda olan d\u00fcnya<\/p><p>3) Gazyon: Galaksi sisteminin imparatorlu\u011fu.<\/p><p>4) Matun: Gazyon\u2019dan sonra gelen en b\u00fcy\u00fck ikinci gezegen<\/p><p>5) Araf: Kimsenin h\u00fckmedemedi\u011fi gezegen.<\/p>\t\t\t\t\t<\/div>\n\t\t\t\t\t\t<\/div>\n\t\t\t\t<\/div>\n\t\t\t\t<div class=\"elementor-element elementor-element-4861b73f elementor-widget elementor-widget-text-editor\" data-id=\"4861b73f\" data-element_type=\"widget\" data-widget_type=\"text-editor.default\">\n\t\t\t\t<div class=\"elementor-widget-container\">\n\t\t\t\t\t\t\t\t<div class=\"elementor-text-editor elementor-clearfix\">\n\t\t\t\t<p><strong>Delyum Gezegeni (\u0130lkel Gezegen)<\/strong><\/p><ul><li>Uzay teknolojileri ile alakas\u0131 olmayan bir gezegen.<\/li><li>D\u00fcnyaya 4,2 \u0131\u015f\u0131k y\u0131l\u0131 uzakl\u0131\u011f\u0131nda Proxima Centauri y\u0131ld\u0131z\u0131n\u0131n etraf\u0131nda d\u00f6nen gezegen.<\/li><li>D\u00fcnya\u2019ya benzeyen bir yap\u0131s\u0131 var. Y\u00fczey alan\u0131 olarak D\u00fcnya&#8217;dan daha k\u00fc\u00e7\u00fck.<\/li><li>Geli\u015fimi, canl\u0131 \u00e7e\u015fitlili\u011fi D\u00fcnya ile neredeyse ayn\u0131. Fakat D\u00fcnya\u2019ya oranla \u00e7ok daha fazla vah\u015fi hayvan \u00e7e\u015fitlili\u011fi var.<\/li><li>Dinozorlar, devasa hayvanlar, yar\u0131 ejderhalar var.<\/li><li>Tanr\u0131lar ve yar\u0131-tanr\u0131lar var, milyarlarca y\u0131ld\u0131r geli\u015fen canl\u0131lardan baz\u0131lar\u0131n\u0131n y\u00fcksek i\u00e7g\u00fcd\u00fcleri ve yo\u011funla\u015ft\u0131r\u0131lm\u0131\u015f beyin g\u00fcc\u00fc enerjileri sayesinde meydana gelen bir enerji formu \u015feklini alm\u0131\u015flar. Ejderhalar\u0131n ve b\u00fcy\u00fck hayvanlar\u0131n tanr\u0131lar ve yar\u0131 tanr\u0131larla ileti\u015fimi \u00e7ok kuvvetli.<\/li><li>Tanr\u0131lar ve Yar\u0131-Tanr\u0131lar hayvanlar\u0131 kontrol edebiliyor.<\/li><li>Tanr\u0131lar Gazyon ile ilgili bilgi sahibi.<\/li><li>Y\u0131rt\u0131c\u0131 hayvanlar, dinozorlar ve yar\u0131-ejderhalar \u00e7ok g\u00fc\u00e7l\u00fc, say\u0131lar\u0131 da \u00e7ok fazla.<\/li><li>\u0130lkel bir gezegen oldu\u011fu d\u00fc\u015f\u00fcn\u00fclse de asl\u0131nda evrende milyarlarca y\u0131ld\u0131r var olan canl\u0131lar\u0131n genlerini ta\u015f\u0131yorlar. Evrilip evrendeki bir \u00e7ok g\u00fcce kar\u015f\u0131 dayan\u0131kl\u0131 hale gelmi\u015f ve sezgisel g\u00fc\u00e7leri geli\u015fmi\u015ftir.<\/li><\/ul>\t\t\t\t\t<\/div>\n\t\t\t\t\t\t<\/div>\n\t\t\t\t<\/div>\n\t\t\t\t<div class=\"elementor-element elementor-element-37f2399c elementor-widget elementor-widget-text-editor\" data-id=\"37f2399c\" data-element_type=\"widget\" data-widget_type=\"text-editor.default\">\n\t\t\t\t<div class=\"elementor-widget-container\">\n\t\t\t\t\t\t\t\t<div class=\"elementor-text-editor elementor-clearfix\">\n\t\t\t\t<p><strong>D\u00fcnya<\/strong><\/p><ul><li>G\u00fcn\u00fcm\u00fcz teknolojisindedir.<\/li><li>Virolojide ileri seviyede. Her t\u00fcrl\u00fc vir\u00fcs\u00fc laboratuvar ortam\u0131nda \u00fcretebiliyor. Siyanobakterileri yok edebilecek bir vir\u00fcs geli\u015ftirdiler ve bunu Norve\u00e7&#8217;in Svalbard adas\u0131nda sakl\u0131yorlar.<\/li><li>Teknolojide \u00fcst noktalarda olmasa bile virolojide ileri seviyede olmas\u0131ndan dolay\u0131 di\u011fer gezegenler D\u00fcnya\u2019y\u0131 direkt hedef almak istemiyorlar.<\/li><li>Gazyon gezegeni (\u0130mparatorluk) ile temas halindeler ve bir anla\u015fmalar\u0131 var. Bu anla\u015fma sayesinde Gazyon, D\u00fcnya&#8217;ya sald\u0131rm\u0131yor. \u0130nsanlar taraf\u0131ndan her ne kadar g\u00f6ky\u00fcz\u00fcnde Gazyon gezegeninin uzay ara\u00e7lar\u0131 s\u0131kl\u0131kla g\u00f6r\u00fclse de bu anla\u015fmalar anlat\u0131lm\u0131yor ve ve ger\u00e7ekler gizleniyor.<\/li><\/ul>\t\t\t\t\t<\/div>\n\t\t\t\t\t\t<\/div>\n\t\t\t\t<\/div>\n\t\t\t\t\t\t<\/div>\n\t\t\t\t\t<\/div>\n\t\t<\/div>\n\t\t\t\t\t\t\t\t<\/div>\n\t\t\t\t\t<\/div>\n\t\t<\/section>\n\t\t\t\t<section class=\"elementor-section elementor-top-section elementor-element elementor-element-0b2a3cc elementor-section-boxed elementor-section-height-default elementor-section-height-default\" data-id=\"0b2a3cc\" data-element_type=\"section\" data-settings=\"{&quot;background_background&quot;:&quot;classic&quot;}\">\n\t\t\t\t\t\t\t<div class=\"elementor-background-overlay\"><\/div>\n\t\t\t\t\t\t\t<div class=\"elementor-container elementor-column-gap-default\">\n\t\t\t\t\t\t\t<div class=\"elementor-row\">\n\t\t\t\t\t<div class=\"elementor-column elementor-col-100 elementor-top-column elementor-element elementor-element-6ff231e\" data-id=\"6ff231e\" data-element_type=\"column\">\n\t\t\t<div class=\"elementor-column-wrap elementor-element-populated\">\n\t\t\t\t\t\t\t<div class=\"elementor-widget-wrap\">\n\t\t\t\t\t\t<div class=\"elementor-element elementor-element-ca9e774 elementor-invisible elementor-widget elementor-widget-text-editor\" data-id=\"ca9e774\" data-element_type=\"widget\" data-settings=\"{&quot;_animation&quot;:&quot;fadeInUp&quot;}\" data-widget_type=\"text-editor.default\">\n\t\t\t\t<div class=\"elementor-widget-container\">\n\t\t\t\t\t\t\t\t<div class=\"elementor-text-editor elementor-clearfix\">\n\t\t\t\t<p><strong>Gazyon Gezegeni (\u0130mparatorluk)<\/strong><\/p><ul><li>Teknolojide \u00fcst noktadalar ve solucan deliklerini kullanabilecek d\u00fczeydeler. Ancak bu durum y\u00fcz\u00fcnden zaman b\u00fck\u00fclmesi sorunu ya\u015famaktalar, beklenmedik zamanlarda ge\u00e7mi\u015ften baz\u0131 canl\u0131lar ortaya \u00e7\u0131k\u0131yor.<\/li><li>D\u00fcnyaya 96 \u0131\u015f\u0131k y\u0131l\u0131 uzakl\u0131\u011f\u0131nda yer alan, Eridanus tak\u0131my\u0131ld\u0131z\u0131ndaki 51 Eri B y\u0131ld\u0131z\u0131n\u0131n etraf\u0131nda d\u00f6nen 20 milyon ya\u015f\u0131nda gen\u00e7 bir gezegen.<\/li><li>Eridanus tak\u0131m y\u0131ld\u0131z\u0131ndaki bu gezegende bir\u00e7ok nehir bulunmas\u0131na ra\u011fmen suyu iyi kullanam\u0131yorlar.<\/li><li>D\u00fcnya\u2019ya 39 \u0131\u015f\u0131k y\u0131l\u0131 uzakl\u0131\u011f\u0131ndaki Trappist 1 sisteminde su bulunan Trappist-1c, d ve e isimli 3 gezegeni de i\u015fgal etmi\u015f durumdalar ve zamanla kurutuyorlar.<\/li><li>Di\u011fer uzay kolonileri ile sava\u015f halindeydiler. Sava\u015f\u0131 kazand\u0131lar ve Galaksi\u2019nin imparatoru oldular. Zaman b\u00fck\u00fclmesini kontrol edip Matun\u2019u yenebildiler. Dev k\u00fctle-\u00e7ekim dalgalar\u0131 olu\u015fturan devasa makineler geli\u015ftirip Matun birliklerini oraya \u00e7ekerek zamanda daralmalar\u0131n\u0131 sa\u011flay\u0131p \u00e7ok uzak gelecekte onlar\u0131 \u00f6lecek olan bir y\u0131ld\u0131z\u0131n \u00f6l\u00fcm an\u0131nda \u00e7\u0131kararak yok olmalar\u0131na sebep oldular.<\/li><li>Bu sava\u015f gezegenlerine b\u00fcy\u00fck hasar verdi ve gezegende su kaynaklar\u0131 kurumaya ba\u015flad\u0131.<\/li><li>Yakla\u015f\u0131k 300 bin y\u0131l i\u00e7inde su s\u0131k\u0131nt\u0131s\u0131 ba\u015flayacak. Su s\u0131k\u0131nt\u0131s\u0131 ile beraber i\u00e7 \u00e7at\u0131\u015fmalar \u00e7\u0131kacak ve gezegen h\u0131zla sona do\u011fru ilerleyecek.<\/li><li>T\u00fcm su kaynaklar\u0131n\u0131n 1 milyon y\u0131l i\u00e7inde bitmesi bekleniyor.<\/li><\/ul><p><strong>Limbo Gezegeni (\u00d6l\u00fcm ve Ya\u015fam aras\u0131nda)<\/strong><\/p><ul><li>Hi\u00e7 kimsenin h\u00fckmedemedi\u011fi, \u00f6l\u00fcm ve ya\u015fam aras\u0131nda s\u0131k\u0131\u015fan canl\u0131lar\u0131n var oldu\u011fu gezegen.<\/li><li>Evren\u2019in yarat\u0131c\u0131s\u0131 Pangu\u2019nun belirledi\u011fi kurallara uymayan tanr\u0131lar burada cezaland\u0131r\u0131l\u0131yor.<\/li><li>Pangu\u2019nun koydu\u011fu kurala g\u00f6re; bir tanr\u0131 \u00f6ld\u00fckten sonra kendisini tekrar canland\u0131ramazd\u0131. D\u00fcnya gezegeni tanr\u0131lar\u0131ndan Ra bu kural\u0131 bozan ilk tanr\u0131 oldu lanetlenerek limboya hapsoldu.<\/li><li>Orta\u00e7a\u011f havas\u0131nda. Burada da bir ya\u015fam var fakat zaman kavram\u0131 yok.<\/li><li>Kolonileri var.<\/li><\/ul>\t\t\t\t\t<\/div>\n\t\t\t\t\t\t<\/div>\n\t\t\t\t<\/div>\n\t\t\t\t\t\t<\/div>\n\t\t\t\t\t<\/div>\n\t\t<\/div>\n\t\t\t\t\t\t\t\t<\/div>\n\t\t\t\t\t<\/div>\n\t\t<\/section>\n\t\t\t\t<section class=\"elementor-section elementor-top-section elementor-element elementor-element-108744b elementor-section-boxed elementor-section-height-default elementor-section-height-default\" data-id=\"108744b\" data-element_type=\"section\" data-settings=\"{&quot;background_background&quot;:&quot;classic&quot;}\">\n\t\t\t\t\t\t\t<div class=\"elementor-background-overlay\"><\/div>\n\t\t\t\t\t\t\t<div class=\"elementor-container elementor-column-gap-default\">\n\t\t\t\t\t\t\t<div class=\"elementor-row\">\n\t\t\t\t\t<div class=\"elementor-column elementor-col-100 elementor-top-column elementor-element elementor-element-1c381f1\" data-id=\"1c381f1\" data-element_type=\"column\">\n\t\t\t<div class=\"elementor-column-wrap elementor-element-populated\">\n\t\t\t\t\t\t\t<div class=\"elementor-widget-wrap\">\n\t\t\t\t\t\t<div class=\"elementor-element elementor-element-a9c847f elementor-invisible elementor-widget elementor-widget-text-editor\" data-id=\"a9c847f\" data-element_type=\"widget\" data-settings=\"{&quot;_animation&quot;:&quot;fadeInUp&quot;}\" data-widget_type=\"text-editor.default\">\n\t\t\t\t<div class=\"elementor-widget-container\">\n\t\t\t\t\t\t\t\t<div class=\"elementor-text-editor elementor-clearfix\">\n\t\t\t\t<p><strong>Matun Gezegeni (\u0130mparatorlu\u011fun D\u00fc\u015fman\u0131) Kepler-62e<\/strong><\/p><ul><li>Teknolojide \u00fcst noktadalar.<\/li><li>D\u00fcnya\u2019ya uzakl\u0131k bak\u0131m\u0131ndan 1200 \u0131\u015f\u0131k y\u0131l\u0131 uzakl\u0131\u011f\u0131ndaki y\u0131ld\u0131z\u0131n etraf\u0131nda d\u00f6nen 5 gezegenden biri.<\/li><li>Di\u011fer gezegenler gibi canl\u0131lar\u0131n evrim s\u00fcreci uzun s\u00fcrmemi\u015ftir. Yap\u0131lan ara\u015ft\u0131rmalarda, canl\u0131l\u0131\u011f\u0131n kendi gezegenlerine ba\u015fka bir galaksiden bir asteroid ile geldi\u011fi kan\u0131tlanm\u0131\u015f durumda. Evrimle\u015fme s\u00fcreci \u00e7ok h\u0131zl\u0131 ger\u00e7ekle\u015fmi\u015f ve y\u00fcksek yer \u00e7ekimi kuvvetine dayan\u0131kl\u0131 bedenleri ve organlar\u0131, y\u00fcksek radyasyona dayan\u0131kl\u0131 derileri, uzak mesafeleri kolayca g\u00f6rebilen \u00e7ok geli\u015fmi\u015f g\u00f6z mercekleri var.<\/li><li>\u0130mparatorluk ile sava\u015f halindeydiler. Sava\u015f\u0131 kaybetmelerine ra\u011fmen Gazyon gezegenine \u00e7ok b\u00fcy\u00fck hasar verdiler.<\/li><li>Yapay zeka konusunda \u00e7ok ilerideler. Yak\u0131n ve uzak gezegenlerde sava\u015f gemileri ve robotlar in\u015fa edebilen \u00fcsleri var. Robotlara bilin\u00e7 transferi yap\u0131p kontrol\u00fc ele alabiliyorlar.<\/li><li>Karbon bazl\u0131 canl\u0131l\u0131k var, ancak u\u011frad\u0131klar\u0131 evrim sayesinde beslenmelerini bulunduklar\u0131 gezegenin atmosferindeki zengin mineralleri derileriyle alarak ger\u00e7ekle\u015ftiriyorlar.<\/li><li>Tek ama\u00e7lar\u0131 Gazyon\u2019u yok etmek ve \u00f6nce kendi galaksi sistemlerini ele ge\u00e7irip sonra ba\u015fka galaksi sistemlerine sald\u0131rmak.<\/li><li>Bir\u00e7ok gezegeni kendi \u00e7\u0131karlar\u0131 i\u00e7in kullan\u0131yor. \u00d6zellikle radyoaktif elementlerin oldu\u011fu gezegenlerde \u00fcsleri var ve bu \u00fcslerde geli\u015ftirdikleri yapay zekay\u0131 test ediyor ve robotlar\u0131 kolonile\u015ftiriyorlar. Radyasyona dayan\u0131kl\u0131 derileri sayesinde Gazyon imparatorlu\u011funun g\u00f6zlerinden uzak olan bu gezegenlerde yeni teknolojiler geli\u015ftirirken bir yandan askeri g\u00fc\u00e7 depoluyorlar.<\/li><li>Karanl\u0131k Madde\u2019den g\u00fc\u00e7 ve destek al\u0131yorlar. Gezegenlerinde Karanl\u0131k Madde\u2019ye tapan ve ba\u011fl\u0131l\u0131klar\u0131n\u0131 sunan Tanr\u0131lar var.<\/li><\/ul>\t\t\t\t\t<\/div>\n\t\t\t\t\t\t<\/div>\n\t\t\t\t<\/div>\n\t\t\t\t\t\t<\/div>\n\t\t\t\t\t<\/div>\n\t\t<\/div>\n\t\t\t\t\t\t\t\t<\/div>\n\t\t\t\t\t<\/div>\n\t\t<\/section>\n\t\t\t\t\t\t\t\t\t<\/div>\n\t\t\t<\/div>\n\t\t\t\t\t<\/div>\n\t\t","protected":false},"excerpt":{"rendered":"<p>Evrenin Olu\u015fumu Gezegenler Ana Konu \u0130lk Oyunun Konusu GEZEGENLER 1) Delyum: \u0130lkel, ta\u015f devrinde olan \u00e7ok eski bir gezegen 2) D\u00fcnya: \u015eu anda ya\u015fad\u0131\u011f\u0131m\u0131z \u00e7a\u011fda olan d\u00fcnya 3) Gazyon: Galaksi sisteminin imparatorlu\u011fu. 4) Matun: Gazyon\u2019dan sonra gelen en b\u00fcy\u00fck ikinci &hellip; <a href=\"https:\/\/ageofcards.com\/tr\/planets-2\/\">Read More<\/a><\/p>\n","protected":false},"author":1,"featured_media":0,"parent":0,"menu_order":0,"comment_status":"closed","ping_status":"closed","template":"","meta":{"footnotes":""},"class_list":["post-623","page","type-page","status-publish","hentry"],"_links":{"self":[{"href":"https:\/\/ageofcards.com\/tr\/wp-json\/wp\/v2\/pages\/623","targetHints":{"allow":["GET"]}}],"collection":[{"href":"https:\/\/ageofcards.com\/tr\/wp-json\/wp\/v2\/pages"}],"about":[{"href":"https:\/\/ageofcards.com\/tr\/wp-json\/wp\/v2\/types\/page"}],"author":[{"embeddable":true,"href":"https:\/\/ageofcards.com\/tr\/wp-json\/wp\/v2\/users\/1"}],"replies":[{"embeddable":true,"href":"https:\/\/ageofcards.com\/tr\/wp-json\/wp\/v2\/comments?post=623"}],"version-history":[{"count":55,"href":"https:\/\/ageofcards.com\/tr\/wp-json\/wp\/v2\/pages\/623\/revisions"}],"predecessor-version":[{"id":1316,"href":"https:\/\/ageofcards.com\/tr\/wp-json\/wp\/v2\/pages\/623\/revisions\/1316"}],"wp:attachment":[{"href":"https:\/\/ageofcards.com\/tr\/wp-json\/wp\/v2\/media?parent=623"}],"curies":[{"name":"wp","href":"https:\/\/api.w.org\/{rel}","templated":true}]}}