{"id":592,"date":"2022-03-12T00:20:24","date_gmt":"2022-03-12T00:20:24","guid":{"rendered":"https:\/\/web.ageofcards.com\/?page_id=592"},"modified":"2024-01-26T06:54:15","modified_gmt":"2024-01-26T06:54:15","slug":"universe-2","status":"publish","type":"page","link":"https:\/\/ageofcards.com\/tr\/universe-2\/","title":{"rendered":"Evrenin Olu\u015fumu"},"content":{"rendered":"\t\t<div data-elementor-type=\"wp-page\" data-elementor-id=\"592\" class=\"elementor elementor-592\">\n\t\t\t\t\t\t<div class=\"elementor-inner\">\n\t\t\t\t<div class=\"elementor-section-wrap\">\n\t\t\t\t\t\t\t\t\t<section class=\"elementor-section elementor-top-section elementor-element elementor-element-2860c55 elementor-section-full_width elementor-section-stretched elementor-section-height-default elementor-section-height-default\" data-id=\"2860c55\" data-element_type=\"section\" data-settings=\"{&quot;background_background&quot;:&quot;gradient&quot;,&quot;stretch_section&quot;:&quot;section-stretched&quot;}\">\n\t\t\t\t\t\t<div class=\"elementor-container elementor-column-gap-default\">\n\t\t\t\t\t\t\t<div class=\"elementor-row\">\n\t\t\t\t\t<div class=\"elementor-column elementor-col-100 elementor-top-column elementor-element elementor-element-4c14240\" data-id=\"4c14240\" data-element_type=\"column\">\n\t\t\t<div class=\"elementor-column-wrap elementor-element-populated\">\n\t\t\t\t\t\t\t<div class=\"elementor-widget-wrap\">\n\t\t\t\t\t\t<section class=\"elementor-section elementor-inner-section elementor-element elementor-element-adff87a elementor-section-boxed elementor-section-height-default elementor-section-height-default\" data-id=\"adff87a\" data-element_type=\"section\">\n\t\t\t\t\t\t<div class=\"elementor-container elementor-column-gap-default\">\n\t\t\t\t\t\t\t<div class=\"elementor-row\">\n\t\t\t\t\t<div class=\"elementor-column elementor-col-25 elementor-inner-column elementor-element elementor-element-aab1487\" data-id=\"aab1487\" data-element_type=\"column\">\n\t\t\t<div class=\"elementor-column-wrap elementor-element-populated\">\n\t\t\t\t\t\t\t<div class=\"elementor-widget-wrap\">\n\t\t\t\t\t\t<div class=\"elementor-element elementor-element-75e53df elementor-widget elementor-widget-themo-call-to-action\" data-id=\"75e53df\" data-element_type=\"widget\" data-widget_type=\"themo-call-to-action.default\">\n\t\t\t\t<div class=\"elementor-widget-container\">\n\t\t\t\t\t<div class=\"th-cta\">\n\t\t\t\n                        <div class=\"th-cta-btn\">\n\n                                    <a class=\"btn-1 btn th-btn btn-ghost-light\" href=\"https:\/\/ageofcards.com\/universe-2\/\">\n                                                    Evrenin Olu\u015fumu                                            <\/a>\n                \n                            <\/div>\n            \t\t<\/div>\n\t\t\t\t<\/div>\n\t\t\t\t<\/div>\n\t\t\t\t\t\t<\/div>\n\t\t\t\t\t<\/div>\n\t\t<\/div>\n\t\t\t\t<div class=\"elementor-column elementor-col-25 elementor-inner-column elementor-element elementor-element-904fc49\" data-id=\"904fc49\" data-element_type=\"column\">\n\t\t\t<div class=\"elementor-column-wrap elementor-element-populated\">\n\t\t\t\t\t\t\t<div class=\"elementor-widget-wrap\">\n\t\t\t\t\t\t<div class=\"elementor-element elementor-element-148e945 elementor-widget elementor-widget-themo-call-to-action\" data-id=\"148e945\" data-element_type=\"widget\" data-widget_type=\"themo-call-to-action.default\">\n\t\t\t\t<div class=\"elementor-widget-container\">\n\t\t\t\t\t<div class=\"th-cta\">\n\t\t\t\n                        <div class=\"th-cta-btn\">\n\n                                    <a class=\"btn-1 btn th-btn btn-ghost-light\" href=\"https:\/\/ageofcards.com\/planets-2\/\">\n                                                    Gezegenler                                            <\/a>\n                \n                            <\/div>\n            \t\t<\/div>\n\t\t\t\t<\/div>\n\t\t\t\t<\/div>\n\t\t\t\t\t\t<\/div>\n\t\t\t\t\t<\/div>\n\t\t<\/div>\n\t\t\t\t<div class=\"elementor-column elementor-col-25 elementor-inner-column elementor-element elementor-element-b5bf3ac\" data-id=\"b5bf3ac\" data-element_type=\"column\">\n\t\t\t<div class=\"elementor-column-wrap elementor-element-populated\">\n\t\t\t\t\t\t\t<div class=\"elementor-widget-wrap\">\n\t\t\t\t\t\t<div class=\"elementor-element elementor-element-1c0aded elementor-widget elementor-widget-themo-call-to-action\" data-id=\"1c0aded\" data-element_type=\"widget\" data-widget_type=\"themo-call-to-action.default\">\n\t\t\t\t<div class=\"elementor-widget-container\">\n\t\t\t\t\t<div class=\"th-cta\">\n\t\t\t\n                        <div class=\"th-cta-btn\">\n\n                                    <a class=\"btn-1 btn th-btn btn-ghost-light\" href=\"https:\/\/ageofcards.com\/main-story\/\">\n                                                    Ana Konu                                            <\/a>\n                \n                            <\/div>\n            \t\t<\/div>\n\t\t\t\t<\/div>\n\t\t\t\t<\/div>\n\t\t\t\t\t\t<\/div>\n\t\t\t\t\t<\/div>\n\t\t<\/div>\n\t\t\t\t<div class=\"elementor-column elementor-col-25 elementor-inner-column elementor-element elementor-element-2277d30\" data-id=\"2277d30\" data-element_type=\"column\">\n\t\t\t<div class=\"elementor-column-wrap elementor-element-populated\">\n\t\t\t\t\t\t\t<div class=\"elementor-widget-wrap\">\n\t\t\t\t\t\t<div class=\"elementor-element elementor-element-7733dbd elementor-widget elementor-widget-themo-call-to-action\" data-id=\"7733dbd\" data-element_type=\"widget\" data-widget_type=\"themo-call-to-action.default\">\n\t\t\t\t<div class=\"elementor-widget-container\">\n\t\t\t\t\t<div class=\"th-cta\">\n\t\t\t\n                        <div class=\"th-cta-btn\">\n\n                                    <a class=\"btn-1 btn th-btn btn-ghost-light\" href=\"https:\/\/ageofcards.com\/first-game-story\/\">\n                                                    \u0130lk Oyunun Konusu                                            <\/a>\n                \n                            <\/div>\n            \t\t<\/div>\n\t\t\t\t<\/div>\n\t\t\t\t<\/div>\n\t\t\t\t\t\t<\/div>\n\t\t\t\t\t<\/div>\n\t\t<\/div>\n\t\t\t\t\t\t\t\t<\/div>\n\t\t\t\t\t<\/div>\n\t\t<\/section>\n\t\t\t\t\t\t<\/div>\n\t\t\t\t\t<\/div>\n\t\t<\/div>\n\t\t\t\t\t\t\t\t<\/div>\n\t\t\t\t\t<\/div>\n\t\t<\/section>\n\t\t\t\t<section class=\"elementor-section elementor-top-section elementor-element elementor-element-5ef6aefb elementor-section-full_width elementor-section-content-middle elementor-section-stretched elementor-section-height-default elementor-section-height-default\" data-id=\"5ef6aefb\" data-element_type=\"section\" data-settings=\"{&quot;background_background&quot;:&quot;classic&quot;,&quot;stretch_section&quot;:&quot;section-stretched&quot;}\">\n\t\t\t\t\t\t<div class=\"elementor-container elementor-column-gap-no\">\n\t\t\t\t\t\t\t<div class=\"elementor-row\">\n\t\t\t\t\t<div class=\"elementor-column elementor-col-50 elementor-top-column elementor-element elementor-element-353ca38d elementor-invisible\" data-id=\"353ca38d\" data-element_type=\"column\" data-settings=\"{&quot;background_background&quot;:&quot;classic&quot;,&quot;animation&quot;:&quot;fadeInLeft&quot;}\">\n\t\t\t<div class=\"elementor-column-wrap elementor-element-populated\">\n\t\t\t\t\t<div class=\"elementor-background-overlay\"><\/div>\n\t\t\t\t\t\t\t<div class=\"elementor-widget-wrap\">\n\t\t\t\t\t\t<div class=\"elementor-element elementor-element-4fc1301a elementor-widget elementor-widget-heading\" data-id=\"4fc1301a\" data-element_type=\"widget\" data-widget_type=\"heading.default\">\n\t\t\t\t<div class=\"elementor-widget-container\">\n\t\t\t<h4 class=\"elementor-heading-title elementor-size-default\">EVREN\u0130N OLU\u015eUMU<\/h4>\t\t<\/div>\n\t\t\t\t<\/div>\n\t\t\t\t\t\t<\/div>\n\t\t\t\t\t<\/div>\n\t\t<\/div>\n\t\t\t\t<div class=\"elementor-column elementor-col-50 elementor-top-column elementor-element elementor-element-1b964983\" data-id=\"1b964983\" data-element_type=\"column\">\n\t\t\t<div class=\"elementor-column-wrap elementor-element-populated\">\n\t\t\t\t\t\t\t<div class=\"elementor-widget-wrap\">\n\t\t\t\t\t\t<div class=\"elementor-element elementor-element-72c985b1 elementor-drop-cap-yes elementor-drop-cap-view-default elementor-widget elementor-widget-text-editor\" data-id=\"72c985b1\" data-element_type=\"widget\" data-settings=\"{&quot;drop_cap&quot;:&quot;yes&quot;}\" data-widget_type=\"text-editor.default\">\n\t\t\t\t<div class=\"elementor-widget-container\">\n\t\t\t\t\t\t\t\t<div class=\"elementor-text-editor elementor-clearfix\">\n\t\t\t\t<p>T\u00fcm evren tek bir yumurtadan olu\u015fuyordu. Yumurtan\u0131n i\u00e7inde karanl\u0131k bir madde ve kaotik bir enerji bulunmaktayd\u0131. Yer ve g\u00f6k birbirinin e\u015fiydi ve her yer karanl\u0131kt\u0131. Zaman ge\u00e7miyordu \u00e7\u00fcnk\u00fc zaman diye bir kavram da yoktu. Yer ve G\u00f6k\u2019\u00fcn birbirleri \u00fczerine uygulad\u0131klar\u0131 bask\u0131, yumurtan\u0131n i\u00e7indeki enerjiyi art\u0131r\u0131yordu. Bu hi\u00e7li\u011fin ortas\u0131nda \u201cB\u00fcy\u00fck Patlama\u201d ger\u00e7ekle\u015fti ve enerjiden Pangu ve karanl\u0131k madde olu\u015ftu.<\/p>\t\t\t\t\t<\/div>\n\t\t\t\t\t\t<\/div>\n\t\t\t\t<\/div>\n\t\t\t\t<div class=\"elementor-element elementor-element-4861b73f elementor-widget elementor-widget-text-editor\" data-id=\"4861b73f\" data-element_type=\"widget\" data-widget_type=\"text-editor.default\">\n\t\t\t\t<div class=\"elementor-widget-container\">\n\t\t\t\t\t\t\t\t<div class=\"elementor-text-editor elementor-clearfix\">\n\t\t\t\t<p>Pangu, kendini kaosla \u00e7evrelenmi\u015f bir evrende buldu. B\u00fcy\u00fck patlaman\u0131n ard\u0131ndan binlerce y\u0131l ge\u00e7ti, milyarlarca gezegen olu\u015ftu ama hi\u00e7birinde bir ya\u015fam ba\u015flamam\u0131\u015ft\u0131. Karanl\u0131k madde her ge\u00e7en g\u00fcn evreni sar\u0131yor ve kaos art\u0131yordu. Evren sonsuzluktan gelmi\u015fti ve sonsuzlu\u011fa gidiyordu.\u00a0<\/p><p>Pangu karanl\u0131k maddeyle m\u00fccadele etmekten \u00e7ok yorgun d\u00fc\u015ft\u00fc ve karanl\u0131k maddenin kendisini yok etmek istemedi\u011finin, sadece benli\u011fini ele ge\u00e7irmek istedi\u011finin fark\u0131na vard\u0131. Sadece \u00f6ld\u00fcrmek isteseydi belki \u00e7oktan \u00f6ld\u00fcrm\u00fc\u015ft\u00fc. Bunun nedenini anlamak i\u00e7in Pangu evrende bir yolculu\u011fa \u00e7\u0131kt\u0131 ve uzun uzun dinlendi, d\u00fc\u015f\u00fcnd\u00fc. Sonunda bunun nedenini buldu. Evrene kendi bedeni can verecek ve asl\u0131nda ya\u015fam kendisinin \u00f6l\u00fcm\u00fcyle ba\u015flayacakt\u0131. Karanl\u0131k madde bu y\u00fczden Pangu\u2019nun \u00f6lmesini istemiyor, onu kontrol etmek istiyordu. Tek \u00e7\u00f6z\u00fcm kendini \u00f6ld\u00fcrmek olsayd\u0131 Pangu o dakika onu orada yapacakt\u0131 ama o zaman ya\u015fam sadece Pangu\u2019nun \u00f6ld\u00fc\u011f\u00fc gezegen veya gezegenlerde ba\u015flayacakt\u0131. T\u00fcm evrende ya\u015fam\u0131n ba\u015flayabilmesi i\u00e7in ikinci bir b\u00fcy\u00fck patlaman\u0131n ger\u00e7ekle\u015fmesi laz\u0131md\u0131.<\/p>\t\t\t\t\t<\/div>\n\t\t\t\t\t\t<\/div>\n\t\t\t\t<\/div>\n\t\t\t\t<div class=\"elementor-element elementor-element-37f2399c elementor-widget elementor-widget-text-editor\" data-id=\"37f2399c\" data-element_type=\"widget\" data-widget_type=\"text-editor.default\">\n\t\t\t\t<div class=\"elementor-widget-container\">\n\t\t\t\t\t\t\t\t<div class=\"elementor-text-editor elementor-clearfix\">\n\t\t\t\t<p>Pangu plan\u0131n\u0131 yapt\u0131. Karanl\u0131k maddeyle art\u0131k sava\u015fm\u0131yor, ondan ka\u00e7\u0131yormu\u015f gibi g\u00f6z\u00fck\u00fcyordu. Karanl\u0131k madde t\u00fcm evrene ne kadar h\u0131zl\u0131 yay\u0131l\u0131rsa kaotik enerji artacak ve b\u00fcy\u00fck patlama i\u00e7in zemin olu\u015facakt\u0131.<\/p><p>Pangu art\u0131k ka\u00e7maktan da yorulmu\u015ftu ve bu kaos ortam\u0131 onun hareket kabiliyetlerini zay\u0131flat\u0131yordu. Bir gezegenin \u00fczerine oturdu ve dinlenmeye ba\u015flad\u0131. \u201cYa\u015fam i\u00e7in \u00f6l\u00fcm\u201d diyordu kendi kendine. Olabildi\u011fince g\u00fcc\u00fcn\u00fc topluyor ve benli\u011fini karanl\u0131k maddenin ele ge\u00e7irmesine izin veriyordu.<\/p>\t\t\t\t\t<\/div>\n\t\t\t\t\t\t<\/div>\n\t\t\t\t<\/div>\n\t\t\t\t\t\t<\/div>\n\t\t\t\t\t<\/div>\n\t\t<\/div>\n\t\t\t\t\t\t\t\t<\/div>\n\t\t\t\t\t<\/div>\n\t\t<\/section>\n\t\t\t\t<section class=\"elementor-section elementor-top-section elementor-element elementor-element-236cb14 elementor-section-boxed elementor-section-height-default elementor-section-height-default\" data-id=\"236cb14\" data-element_type=\"section\">\n\t\t\t\t\t\t\t<div class=\"elementor-background-overlay\"><\/div>\n\t\t\t\t\t\t\t<div class=\"elementor-container elementor-column-gap-default\">\n\t\t\t\t\t\t\t<div class=\"elementor-row\">\n\t\t\t\t\t<div class=\"elementor-column elementor-col-100 elementor-top-column elementor-element elementor-element-33238fb\" data-id=\"33238fb\" data-element_type=\"column\">\n\t\t\t<div class=\"elementor-column-wrap elementor-element-populated\">\n\t\t\t\t\t\t\t<div class=\"elementor-widget-wrap\">\n\t\t\t\t\t\t<div class=\"elementor-element elementor-element-708124e elementor-widget elementor-widget-text-editor\" data-id=\"708124e\" data-element_type=\"widget\" data-widget_type=\"text-editor.default\">\n\t\t\t\t<div class=\"elementor-widget-container\">\n\t\t\t\t\t\t\t\t<div class=\"elementor-text-editor elementor-clearfix\">\n\t\t\t\t<p>Art\u0131k zaman\u0131 gelmi\u015fti. Karanl\u0131k madde t\u00fcm benli\u011fini ele ge\u00e7irmeden t\u00fcm var g\u00fcc\u00fcyle son kez kar\u015f\u0131 geldi. Evren sars\u0131ld\u0131, gezegenler birbirlerine \u00e7arpt\u0131, s\u00fcpernovalar olu\u015ftu ve ikinci b\u00fcy\u00fck patlama meydana geldi.<\/p><p>Pangu\u2019nun bedeni evrene bi\u00e7im verdi. Pangu\u2019nun sa\u00e7lar\u0131 ve ka\u015flar\u0131 gezegenler ve y\u0131ld\u0131zlar\u0131, g\u00f6zleriyse g\u00fcne\u015f sistemlerini olu\u015fturdu. Eti gezegenlerde toprak, kan\u0131 okyanus ve \u0131rmaklara d\u00f6n\u00fc\u015ft\u00fc. Di\u015fleri ve kemiklerinden de\u011ferli ta\u015flar ve mineraller olu\u015ftu. \u00dczerinde ya\u015fayan asalaklar gezegenlerdeki ya\u015fam formlar\u0131na d\u00f6n\u00fc\u015ft\u00fc. Pangu t\u00fcm bu planlar\u0131 yaparken kendisinden sonra olu\u015facak yeni evrenin fizik yasalar\u0131n\u0131 belirliyor ve yarat\u0131c\u0131lar i\u00e7in kurallar koyuyordu. T\u00fcm gezegenlerdeki tanr\u0131lar Limbo\u2019da hayat bulacak ve taraflar\u0131n\u0131 se\u00e7eceklerdi. Ya karanl\u0131k maddeye itaat edecekler yada kendisinin yolundan gideceklerdi. Taraf se\u00e7en tanr\u0131 bir daha asla taraf de\u011fi\u015ftiremeyecek, bulundu\u011fu gezegende d\u00f6nemi bitti\u011finde bir daha asla g\u00f6z\u00fckmeyecekti. Kurallar\u0131 \u00e7i\u011fneyen tanr\u0131lar Limbo\u2019da lanetlenecekti. Pangu adil olmak istiyordu ve karanl\u0131k maddenin asla yok olmayaca\u011f\u0131n\u0131 bildi\u011fi i\u00e7in bir evren d\u00fczeni kurmay\u0131 planl\u0131yordu.<\/p><p>Pangu bu kavramlar\u0131n mutlaka kendisinden sonra bedeniyle hayat bulan di\u011fer yarat\u0131c\u0131lara aktar\u0131laca\u011f\u0131ndan emindi ve bu d\u00fc\u015f\u00fcnd\u00fc\u011f\u00fc ger\u00e7ekle\u015fti. Pangu\u2019nun bedeni sadece evrene ya\u015fam vermedi. \u0130kinci b\u00fcy\u00fck patlamayla a\u00e7\u0131\u011fa \u00e7\u0131kan enerji bedeninden par\u00e7alarla birle\u015ferek Anka Ku\u015fu\u2019nu, Mavi Ejderha\u2019y\u0131, Beyaz Kaplan\u2019\u0131 ve Dev Siyah Kaplumba\u011fa\u2019y\u0131 olu\u015fturdu. Dev Siyah Kaplumba\u011fa evreni Pangu\u2019nun kurallar\u0131yla \u015fekillendirmeye ba\u015flad\u0131, Beyaz Kaplan Limbo\u2019da bulunan demir k\u0131l\u0131\u00e7 da\u011f\u0131na \u00e7\u0131karak tanr\u0131lar\u0131n do\u011fdu\u011fu yeri koruyordu. Anka Ku\u015fu t\u00fcm ileti\u015fimi sa\u011f\u0131yor ve kurallar\u0131n evrende uygulan\u0131p uygulanmad\u0131\u011f\u0131n\u0131 kontrol ediyordu. Mavi Ejderha ise evrenin bo\u015flu\u011funa do\u011fru bir yolculu\u011fa \u00e7\u0131kt\u0131 ve kimse bir daha ondan haber alamad\u0131.<\/p><p>B\u00f6ylece evrende farkl\u0131 gezegenlerde art\u0131k ya\u015fam ba\u015flam\u0131\u015f oldu; t\u0131pk\u0131 D\u00fcnya\u2019da, Delyum\u2019da, Gazyon\u2019da, Matun\u2019da ve farkl\u0131 galaksilerdeki binlerce gezegende oldu\u011fu gibi. Galaksilerde tanr\u0131lar do\u011fmaya ba\u015flad\u0131. Onlardan karanl\u0131k maddeye itaat edenler de oldu, Pangu\u2019nun yolundan gidenler de; t\u0131pk\u0131 Ra gibi. Ra sadece bir gezegenin tanr\u0131s\u0131 de\u011fildi. Ra bir galaksi tanr\u0131s\u0131yd\u0131 ve G\u00fcne\u015f\u2019e h\u00fckmedebiliyordu. Kendisini di\u011fer tanr\u0131lardan farkl\u0131 olarak g\u00f6rd\u00fc\u011f\u00fc i\u00e7in d\u00f6nemi sona erdi\u011finde ortadan kaybolmak istemiyordu. D\u00fcnyaya ve G\u00fcne\u015f sistemindeki t\u00fcm gezegenlere h\u00fckmetmek istiyordu. Ra \u00f6l\u00fcm\u00fcnden sonra dirilmek istedi ve Pangu\u2019nun kurallar\u0131na kar\u015f\u0131 gelmeye ba\u015flad\u0131. Kendisini ondan \u00fcst\u00fcn g\u00f6r\u00fcyordu ve lanete asla inanm\u0131yordu. Ra kibrine yenik d\u00fc\u015f\u00fcp Anka ku\u015fu taraf\u0131ndan lanetlendi ve Limbo\u2019ya hapsedildi\u2026<\/p>\t\t\t\t\t<\/div>\n\t\t\t\t\t\t<\/div>\n\t\t\t\t<\/div>\n\t\t\t\t\t\t<\/div>\n\t\t\t\t\t<\/div>\n\t\t<\/div>\n\t\t\t\t\t\t\t\t<\/div>\n\t\t\t\t\t<\/div>\n\t\t<\/section>\n\t\t\t\t\t\t\t\t\t<\/div>\n\t\t\t<\/div>\n\t\t\t\t\t<\/div>\n\t\t","protected":false},"excerpt":{"rendered":"<p>Evrenin Olu\u015fumu Gezegenler Ana Konu \u0130lk Oyunun Konusu EVREN\u0130N OLU\u015eUMU T\u00fcm evren tek bir yumurtadan olu\u015fuyordu. Yumurtan\u0131n i\u00e7inde karanl\u0131k bir madde ve kaotik bir enerji bulunmaktayd\u0131. Yer ve g\u00f6k birbirinin e\u015fiydi ve her yer karanl\u0131kt\u0131. Zaman ge\u00e7miyordu \u00e7\u00fcnk\u00fc zaman diye &hellip; <a href=\"https:\/\/ageofcards.com\/tr\/universe-2\/\">Read More<\/a><\/p>\n","protected":false},"author":1,"featured_media":0,"parent":0,"menu_order":0,"comment_status":"closed","ping_status":"closed","template":"","meta":{"footnotes":""},"class_list":["post-592","page","type-page","status-publish","hentry"],"_links":{"self":[{"href":"https:\/\/ageofcards.com\/tr\/wp-json\/wp\/v2\/pages\/592","targetHints":{"allow":["GET"]}}],"collection":[{"href":"https:\/\/ageofcards.com\/tr\/wp-json\/wp\/v2\/pages"}],"about":[{"href":"https:\/\/ageofcards.com\/tr\/wp-json\/wp\/v2\/types\/page"}],"author":[{"embeddable":true,"href":"https:\/\/ageofcards.com\/tr\/wp-json\/wp\/v2\/users\/1"}],"replies":[{"embeddable":true,"href":"https:\/\/ageofcards.com\/tr\/wp-json\/wp\/v2\/comments?post=592"}],"version-history":[{"count":92,"href":"https:\/\/ageofcards.com\/tr\/wp-json\/wp\/v2\/pages\/592\/revisions"}],"predecessor-version":[{"id":1304,"href":"https:\/\/ageofcards.com\/tr\/wp-json\/wp\/v2\/pages\/592\/revisions\/1304"}],"wp:attachment":[{"href":"https:\/\/ageofcards.com\/tr\/wp-json\/wp\/v2\/media?parent=592"}],"curies":[{"name":"wp","href":"https:\/\/api.w.org\/{rel}","templated":true}]}}