{"id":216,"date":"2022-03-14T13:32:43","date_gmt":"2022-03-14T13:32:43","guid":{"rendered":"http:\/\/import.themovation.com\/embark\/river-rafting\/?page_id=163"},"modified":"2023-08-25T20:35:14","modified_gmt":"2023-08-25T20:35:14","slug":"news","status":"publish","type":"page","link":"https:\/\/ageofcards.com\/tr\/news\/","title":{"rendered":"News"},"content":{"rendered":"\t\t<div data-elementor-type=\"wp-post\" data-elementor-id=\"216\" class=\"elementor elementor-216\">\n\t\t\t\t\t\t<div class=\"elementor-inner\">\n\t\t\t\t<div class=\"elementor-section-wrap\">\n\t\t\t\t\t\t\t\t\t<section class=\"elementor-section elementor-top-section elementor-element elementor-element-axm2p4l elementor-section-height-min-height elementor-section-boxed elementor-section-height-default elementor-section-items-middle\" data-id=\"axm2p4l\" data-element_type=\"section\" data-settings=\"{&quot;background_background&quot;:&quot;gradient&quot;}\">\n\t\t\t\t\t\t\t<div class=\"elementor-background-overlay\"><\/div>\n\t\t\t\t\t\t\t<div class=\"elementor-container elementor-column-gap-default\">\n\t\t\t\t\t\t\t<div class=\"elementor-row\">\n\t\t\t\t\t<div class=\"elementor-column elementor-col-100 elementor-top-column elementor-element elementor-element-eg989yn\" data-id=\"eg989yn\" data-element_type=\"column\">\n\t\t\t<div class=\"elementor-column-wrap elementor-element-populated\">\n\t\t\t\t\t\t\t<div class=\"elementor-widget-wrap\">\n\t\t\t\t\t\t<div class=\"elementor-element elementor-element-dy8ht18 elementor-widget elementor-widget-spacer\" data-id=\"dy8ht18\" data-element_type=\"widget\" data-widget_type=\"spacer.default\">\n\t\t\t\t<div class=\"elementor-widget-container\">\n\t\t\t\t\t<div class=\"elementor-spacer\">\n\t\t\t<div class=\"elementor-spacer-inner\"><\/div>\n\t\t<\/div>\n\t\t\t\t<\/div>\n\t\t\t\t<\/div>\n\t\t\t\t<div class=\"elementor-element elementor-element-6e0rano elementor-view-default elementor-position-top elementor-widget elementor-widget-themo-header\" data-id=\"6e0rano\" data-element_type=\"widget\" data-widget_type=\"themo-header.default\">\n\t\t\t\t<div class=\"elementor-widget-container\">\n\t\t\t\t\t<div class=\"th-header-wrap\">\n        <div class=\"elementor-icon-box-wrapper \">\n                            <div class=\"elementor-icon-box-content\">\n                    <h1 class=\"elementor-icon-box-title\">\n                        Oyundan Haberler                    <\/h1>\n                                        <p class=\"elementor-icon-box-description\"><\/p>\n\n                                    <\/div>\n            <\/div>\n\n        <\/div>\n\n\t\t\t\t<\/div>\n\t\t\t\t<\/div>\n\t\t\t\t\t\t<\/div>\n\t\t\t\t\t<\/div>\n\t\t<\/div>\n\t\t\t\t\t\t\t\t<\/div>\n\t\t\t\t\t<\/div>\n\t\t<\/section>\n\t\t\t\t<section class=\"elementor-section elementor-top-section elementor-element elementor-element-vkt1dv8 elementor-section-boxed elementor-section-height-default elementor-section-height-default\" data-id=\"vkt1dv8\" data-element_type=\"section\">\n\t\t\t\t\t\t<div class=\"elementor-container elementor-column-gap-default\">\n\t\t\t\t\t\t\t<div class=\"elementor-row\">\n\t\t\t\t\t<div class=\"elementor-column elementor-col-100 elementor-top-column elementor-element elementor-element-xo5h9bj\" data-id=\"xo5h9bj\" data-element_type=\"column\">\n\t\t\t<div class=\"elementor-column-wrap elementor-element-populated\">\n\t\t\t\t\t\t\t<div class=\"elementor-widget-wrap\">\n\t\t\t\t\t\t<div class=\"elementor-element elementor-element-h6bnfn5 elementor-widget elementor-widget-spacer\" data-id=\"h6bnfn5\" data-element_type=\"widget\" data-widget_type=\"spacer.default\">\n\t\t\t\t<div class=\"elementor-widget-container\">\n\t\t\t\t\t<div class=\"elementor-spacer\">\n\t\t\t<div class=\"elementor-spacer-inner\"><\/div>\n\t\t<\/div>\n\t\t\t\t<\/div>\n\t\t\t\t<\/div>\n\t\t\t\t<div class=\"elementor-element elementor-element-j81sio5 elementor-widget elementor-widget-themo-blog\" data-id=\"j81sio5\" data-element_type=\"widget\" data-widget_type=\"themo-blog.default\">\n\t\t\t\t<div class=\"elementor-widget-container\">\n\t\t\t\n                                <section class=\"th-masonry-blog th-blog-3-col\">\n\n                        <div class=\"mas-blog row\">\n                            <div class=\"mas-blog-post-sizer col-sm-6 col-md-4\"><\/div>\n                                                                                            <div class=\"mas-blog-post col-sm-6 col-md-4 post-1437 post type-post status-publish format-standard hentry category-news\">\n                                    <div class=\"post-inner\">\n\n        <h3 class=\"post-title\"><a href=\"https:\/\/ageofcards.com\/tr\/an-adventure-full-of-cards-age-of-cards-ras-chess-coming-soon\/\">An Adventure Full of Cards: Age of Cards Ra&#8217;s Chess Coming Soon!<\/a><\/h3>\n    \t<div class=\"post-meta\">\n\t<span class=\"show-author\">Posted by <a href=\"https:\/\/ageofcards.com\/tr\/author\/ageof\/\" title=\"admin taraf\u0131ndan yaz\u0131lan yaz\u0131lar\" rel=\"author\">admin<\/a><\/span> <span class=\"show-comments\"><\/span>\n<\/div>\n\t            \t<div class=\"entry-content post-excerpt\">\n\t\t\t\t\t<p>Are you ready to embark on a unique adventure in the enchanted world of cards? Step into the mesmerizing realm of &#8221; Age of Cards:Ra&#8217;s Chess &#8221; and prepare for an unforgettable journey! Adding &#8220;Age of Cards&#8221; to your wishlist &hellip; <a href=\"https:\/\/ageofcards.com\/tr\/an-adventure-full-of-cards-age-of-cards-ras-chess-coming-soon\/\">Read More<\/a><\/p>\n                <\/div>\n\t\t\t\t<div class=\"date-meta\">\n    <i class=\"xs-icon fa fa-calendar-o\"><\/i>\n    <time class=\"published\" datetime=\"2024-04-01T20:05:02+00:00\">Nisan 1, 2024<\/time>\n    <span class=\"is-sticky\">Featured Post<\/span>\n<\/div><\/div>\n                                <\/div>\n\n                                                                                            <div class=\"mas-blog-post col-sm-6 col-md-4 post-1434 post type-post status-publish format-standard hentry category-news\">\n                                    <div class=\"post-inner\">\n\n        <h3 class=\"post-title\"><a href=\"https:\/\/ageofcards.com\/tr\/steam-demo\/\">Steam Demo<\/a><\/h3>\n    \t<div class=\"post-meta\">\n\t<span class=\"show-author\">Posted by <a href=\"https:\/\/ageofcards.com\/tr\/author\/ageof\/\" title=\"admin taraf\u0131ndan yaz\u0131lan yaz\u0131lar\" rel=\"author\">admin<\/a><\/span> <span class=\"show-comments\"><\/span>\n<\/div>\n\t            \t<div class=\"entry-content post-excerpt\">\n\t\t\t\t\t<p>\ud83c\udfae&nbsp;Hey gamers! We&#8217;re thrilled to announce that the demo for our game &#8220;Age of Cards&#8221; is now available on Steam! \ud83c\udccf&nbsp;&#8220;Age of Cards&#8221; offers a feast for strategy and card game enthusiasts. Set in a rich universe, this game will &hellip; <a href=\"https:\/\/ageofcards.com\/tr\/steam-demo\/\">Read More<\/a><\/p>\n                <\/div>\n\t\t\t\t<div class=\"date-meta\">\n    <i class=\"xs-icon fa fa-calendar-o\"><\/i>\n    <time class=\"published\" datetime=\"2024-03-27T16:42:36+00:00\">Mart 27, 2024<\/time>\n    <span class=\"is-sticky\">Featured Post<\/span>\n<\/div><\/div>\n                                <\/div>\n\n                                                                                            <div class=\"mas-blog-post col-sm-6 col-md-4 post-1425 post type-post status-publish format-standard hentry category-news\">\n                                    <div class=\"post-inner\">\n\n        <h3 class=\"post-title\"><a href=\"https:\/\/ageofcards.com\/tr\/age-of-cards-ras-chess-discord-channel-now-live-%f0%9f%94%a5\/\">Age of Cards Ra&#8217;s Chess Discord Channel Now Live! \ud83d\udd25<\/a><\/h3>\n    \t<div class=\"post-meta\">\n\t<span class=\"show-author\">Posted by <a href=\"https:\/\/ageofcards.com\/tr\/author\/ageof\/\" title=\"admin taraf\u0131ndan yaz\u0131lan yaz\u0131lar\" rel=\"author\">admin<\/a><\/span> <span class=\"show-comments\"><\/span>\n<\/div>\n\t            \t<div class=\"entry-content post-excerpt\">\n\t\t\t\t\t<p>The new and exciting Ra&#8217;s Chess Discord channel for Age of Cards is now active! Our Ra&#8217;s Chess community is a fantastic place for strategy enthusiasts. Join this channel for discussions about the game, strategy sharing, tournaments, and much more! &hellip; <a href=\"https:\/\/ageofcards.com\/tr\/age-of-cards-ras-chess-discord-channel-now-live-%f0%9f%94%a5\/\">Read More<\/a><\/p>\n                <\/div>\n\t\t\t\t<div class=\"date-meta\">\n    <i class=\"xs-icon fa fa-calendar-o\"><\/i>\n    <time class=\"published\" datetime=\"2024-03-26T12:55:44+00:00\">Mart 26, 2024<\/time>\n    <span class=\"is-sticky\">Featured Post<\/span>\n<\/div><\/div>\n                                <\/div>\n\n                                                                                            <div class=\"mas-blog-post col-sm-6 col-md-4 post-1419 post type-post status-publish format-standard hentry category-news\">\n                                    <div class=\"post-inner\">\n\n        <h3 class=\"post-title\"><a href=\"https:\/\/ageofcards.com\/tr\/age-of-cards-magical-card-world-demo-now-available\/\">Age of Cards: Magical Card World Demo Now Available!<\/a><\/h3>\n    \t<div class=\"post-meta\">\n\t<span class=\"show-author\">Posted by <a href=\"https:\/\/ageofcards.com\/tr\/author\/ageof\/\" title=\"admin taraf\u0131ndan yaz\u0131lan yaz\u0131lar\" rel=\"author\">admin<\/a><\/span> <span class=\"show-comments\">| <a href=\"https:\/\/ageofcards.com\/tr\/age-of-cards-magical-card-world-demo-now-available\/#respond\">No Comments<\/a><\/span>\n<\/div>\n\t            \t<div class=\"entry-content post-excerpt\">\n\t\t\t\t\t<p>Demo Excitement Begins! The demo version of our eagerly anticipated game, Age of Cards, is finally here! You can now step into the world of magical cards starting today. We&#8217;re thrilled to bring this fantastic experience to players worldwide!\u00a0Also, don&#8217;t &hellip; <a href=\"https:\/\/ageofcards.com\/tr\/age-of-cards-magical-card-world-demo-now-available\/\">Read More<\/a><\/p>\n                <\/div>\n\t\t\t\t<div class=\"date-meta\">\n    <i class=\"xs-icon fa fa-calendar-o\"><\/i>\n    <time class=\"published\" datetime=\"2024-03-26T12:49:39+00:00\">Mart 26, 2024<\/time>\n    <span class=\"is-sticky\">Featured Post<\/span>\n<\/div><\/div>\n                                <\/div>\n\n                                                                                            <div class=\"mas-blog-post col-sm-6 col-md-4 post-1400 post type-post status-publish format-standard hentry category-news\">\n                                    <div class=\"post-inner\">\n\n        <h3 class=\"post-title\"><a href=\"https:\/\/ageofcards.com\/tr\/kickstarter-start\/\">KickStarter Kampanyas\u0131 Ba\u015flad\u0131<\/a><\/h3>\n    \t<div class=\"post-meta\">\n\t<span class=\"show-author\">Posted by <a href=\"https:\/\/ageofcards.com\/tr\/author\/ageof\/\" title=\"admin taraf\u0131ndan yaz\u0131lan yaz\u0131lar\" rel=\"author\">admin<\/a><\/span> <span class=\"show-comments\"><\/span>\n<\/div>\n\t            \t<div class=\"entry-content post-excerpt\">\n\t\t\t\t\t<p>KickStarter Kampanyam\u0131z ba\u015flad\u0131! Sizlerinde deste\u011fiyle oyunumuzu \u00e7ok daha iyi bir yere getirece\u011fimize emin olabilirsiniz. Age Of Cards \u00e7ok yak\u0131n bir zaman i\u00e7inde Steam\u2019de Early Access olarak yay\u0131n hayat\u0131na ba\u015flayacak. Oyunu mobile port etmek , 3D modelleri de\u011fi\u015ftirmek ve yapay zeka &hellip; <a href=\"https:\/\/ageofcards.com\/tr\/kickstarter-start\/\">Read More<\/a><\/p>\n                <\/div>\n\t\t\t\t<div class=\"date-meta\">\n    <i class=\"xs-icon fa fa-calendar-o\"><\/i>\n    <time class=\"published\" datetime=\"2024-03-22T19:09:04+00:00\">Mart 22, 2024<\/time>\n    <span class=\"is-sticky\">Featured Post<\/span>\n<\/div><\/div>\n                                <\/div>\n\n                                                                                            <div class=\"mas-blog-post col-sm-6 col-md-4 post-1357 post type-post status-publish format-standard hentry category-news\">\n                                    <div class=\"post-inner\">\n\n        <h3 class=\"post-title\"><a href=\"https:\/\/ageofcards.com\/tr\/250-steam-key\/\">250$ Steam Key<\/a><\/h3>\n    \t<div class=\"post-meta\">\n\t<span class=\"show-author\">Posted by <a href=\"https:\/\/ageofcards.com\/tr\/author\/ageof\/\" title=\"admin taraf\u0131ndan yaz\u0131lan yaz\u0131lar\" rel=\"author\">admin<\/a><\/span> <span class=\"show-comments\"><\/span>\n<\/div>\n\t            \t<div class=\"entry-content post-excerpt\">\n\t\t\t\t\t<p>250$ Steam Key Age Of Cards a\u00e7\u0131l\u0131\u015fa \u00f6zel toplamda \u00e7ekili\u015fle 250$ de\u011ferinde steam kodu ve &#8220;Forum Moderat\u00f6rl\u00fc\u011f\u00fcnden CEO&#8217;lu\u011fa&#8221; ebookunu \u00fccretsiz hediye ediyor. Yapman\u0131z gereken tek \u015fey landing sayfam\u0131z\u0131 ziyaret etmek ve kay\u0131t olmak. Sende Kat\u0131l<\/p>\n                <\/div>\n\t\t\t\t<div class=\"date-meta\">\n    <i class=\"xs-icon fa fa-calendar-o\"><\/i>\n    <time class=\"published\" datetime=\"2024-02-14T08:53:37+00:00\">\u015eubat 14, 2024<\/time>\n    <span class=\"is-sticky\">Featured Post<\/span>\n<\/div><\/div>\n                                <\/div>\n\n                                                                                            <div class=\"mas-blog-post col-sm-6 col-md-4 post-1351 post type-post status-publish format-standard hentry category-news\">\n                                    <div class=\"post-inner\">\n\n        <h3 class=\"post-title\"><a href=\"https:\/\/ageofcards.com\/tr\/kickstarter\/\">KickStarter<\/a><\/h3>\n    \t<div class=\"post-meta\">\n\t<span class=\"show-author\">Posted by <a href=\"https:\/\/ageofcards.com\/tr\/author\/ageof\/\" title=\"admin taraf\u0131ndan yaz\u0131lan yaz\u0131lar\" rel=\"author\">admin<\/a><\/span> <span class=\"show-comments\"><\/span>\n<\/div>\n\t            \t<div class=\"entry-content post-excerpt\">\n\t\t\t\t\t<p>KickStarter \u00c7ok yak\u0131nda kickstarterda muhte\u015fem kampanyalarla kar\u015f\u0131n\u0131zda olaca\u011f\u0131z. Birbirinden \u00f6zel, sadece kickstarter\u2019a \u00f6zel paketleri ka\u00e7\u0131rmamak i\u00e7in \u015fimdiden bizi takibe alabilirsiniz. Sizlerinde deste\u011fiyle oyunumuzu \u00e7ok daha iyi bir yere getirece\u011fimize emin olabilirsiniz. Age Of Cards \u00e7ok yak\u0131n bir zaman i\u00e7inde Steam\u2019de &hellip; <a href=\"https:\/\/ageofcards.com\/tr\/kickstarter\/\">Read More<\/a><\/p>\n                <\/div>\n\t\t\t\t<div class=\"date-meta\">\n    <i class=\"xs-icon fa fa-calendar-o\"><\/i>\n    <time class=\"published\" datetime=\"2024-02-14T08:42:54+00:00\">\u015eubat 14, 2024<\/time>\n    <span class=\"is-sticky\">Featured Post<\/span>\n<\/div><\/div>\n                                <\/div>\n\n                                                                                            <div class=\"mas-blog-post col-sm-6 col-md-4 post-755 post type-post status-publish format-standard hentry category-statics\">\n                                    <div class=\"post-inner\">\n\n        <h3 class=\"post-title\"><a href=\"https:\/\/ageofcards.com\/tr\/steam-stats\/\">Steam \u0130statistikleri<\/a><\/h3>\n    \t<div class=\"post-meta\">\n\t<span class=\"show-author\">Posted by <a href=\"https:\/\/ageofcards.com\/tr\/author\/ageof\/\" title=\"admin taraf\u0131ndan yaz\u0131lan yaz\u0131lar\" rel=\"author\">admin<\/a><\/span> <span class=\"show-comments\"><\/span>\n<\/div>\n\t            \t<div class=\"entry-content post-excerpt\">\n\t\t\t\t\t<p>Alfa Play Test Raporu Steam&#8217;de Alfa beta s\u00fcrecinde ma\u011faza sayfam\u0131z 105.500 farkl\u0131 oyuncu taraf\u0131ndan ziyaret edilmi\u015f. Hen\u00fcz pazarlama \u00e7al\u0131\u015fmalar\u0131na ba\u015flamadan bir \u00e7ok oyuncu \u015fu anda oyunumuzu beklemekte ve bizi takip etmekte. Buda bizim do\u011fru yolda oldu\u011fumuzu g\u00f6steriyor.\u00a0 2023 Eyl\u00fcl ay\u0131nda &hellip; <a href=\"https:\/\/ageofcards.com\/tr\/steam-stats\/\">Read More<\/a><\/p>\n                <\/div>\n\t\t\t\t<div class=\"date-meta\">\n    <i class=\"xs-icon fa fa-calendar-o\"><\/i>\n    <time class=\"published\" datetime=\"2023-08-25T05:24:28+00:00\">A\u011fustos 25, 2023<\/time>\n    <span class=\"is-sticky\">Featured Post<\/span>\n<\/div><\/div>\n                                <\/div>\n\n                                                                                            <div class=\"mas-blog-post col-sm-6 col-md-4 post-763 post type-post status-publish format-standard hentry category-news\">\n                                    <div class=\"post-inner\">\n\n        <h3 class=\"post-title\"><a href=\"https:\/\/ageofcards.com\/tr\/chinajoy-2023\/\">2023 ChinaJoy Oyun Fuar\u0131ndayd\u0131k<\/a><\/h3>\n    \t<div class=\"post-meta\">\n\t<span class=\"show-author\">Posted by <a href=\"https:\/\/ageofcards.com\/tr\/author\/ageof\/\" title=\"admin taraf\u0131ndan yaz\u0131lan yaz\u0131lar\" rel=\"author\">admin<\/a><\/span> <span class=\"show-comments\"><\/span>\n<\/div>\n\t            \t<div class=\"entry-content post-excerpt\">\n\t\t\t\t\t<p>Uzakdo\u011fu Gezisi 12 g\u00fcn i\u00e7inde 3 farkl\u0131 \u015fehirde toplam 22 yay\u0131nc\u0131yla g\u00f6r\u00fc\u015ft\u00fck. 2023 Temmuz ay\u0131nda d\u00fczenlenen ChinaJoy oyun fuar\u0131na kat\u0131ld\u0131k. \u00c7inde d\u00fczenlenen &#8220;ChinaJoy&#8221; oyuna fuar\u0131na kat\u0131ld\u0131k. Burada oyunumuzu yay\u0131nc\u0131lara g\u00f6sterdik ve \u00f6nerilerini ald\u0131k. \u015eangay&#8217;dan sonra Pekin&#8217;e ge\u00e7tik ve oyunun \u00c7inde &hellip; <a href=\"https:\/\/ageofcards.com\/tr\/chinajoy-2023\/\">Read More<\/a><\/p>\n                <\/div>\n\t\t\t\t<div class=\"date-meta\">\n    <i class=\"xs-icon fa fa-calendar-o\"><\/i>\n    <time class=\"published\" datetime=\"2023-08-10T13:10:00+00:00\">A\u011fustos 10, 2023<\/time>\n    <span class=\"is-sticky\">Featured Post<\/span>\n<\/div><\/div>\n                                <\/div>\n\n                                                                                            <div class=\"mas-blog-post col-sm-6 col-md-4 post-492 post type-post status-publish format-standard hentry category-uncategorized\">\n                                    <div class=\"post-inner\">\n\n        <h3 class=\"post-title\"><a href=\"https:\/\/ageofcards.com\/tr\/cyber-cafe-tests\/\">\u0130nternet Kafe Testleri<\/a><\/h3>\n    \t<div class=\"post-meta\">\n\t<span class=\"show-author\">Posted by <a href=\"https:\/\/ageofcards.com\/tr\/author\/ageof\/\" title=\"admin taraf\u0131ndan yaz\u0131lan yaz\u0131lar\" rel=\"author\">admin<\/a><\/span> <span class=\"show-comments\"><\/span>\n<\/div>\n\t            \t<div class=\"entry-content post-excerpt\">\n\t\t\t\t\t<p>Internet Kafe Testleri \u00c7anakkale Beta Internet Kafede g\u00fcn boyunca kart oyunu seven oyuncular oyunumuzu test etti. Hem oyunculardan geri d\u00f6n\u00fc\u015fler ald\u0131k hem sunucu testlerimizin ilk a\u015famas\u0131n\u0131 ger\u00e7ekle\u015ftirmi\u015f olduk. &#8220;Oyundan \u00e7ok zevk ald\u0131m, geli\u015ftirilmeye devam ederse ba\u015far\u0131l\u0131 olabilece\u011fini d\u00fc\u015f\u00fcn\u00fcyorum&#8221; Turnuva G\u00fcn &hellip; <a href=\"https:\/\/ageofcards.com\/tr\/cyber-cafe-tests\/\">Read More<\/a><\/p>\n                <\/div>\n\t\t\t\t<div class=\"date-meta\">\n    <i class=\"xs-icon fa fa-calendar-o\"><\/i>\n    <time class=\"published\" datetime=\"2023-03-10T22:57:00+00:00\">Mart 10, 2023<\/time>\n    <span class=\"is-sticky\">Featured Post<\/span>\n<\/div><\/div>\n                                <\/div>\n\n                                                    <\/div>\n                                            <\/section>\n\n                    \t\t<\/div>\n\t\t\t\t<\/div>\n\t\t\t\t<div class=\"elementor-element elementor-element-48r7spq elementor-widget elementor-widget-spacer\" data-id=\"48r7spq\" data-element_type=\"widget\" data-widget_type=\"spacer.default\">\n\t\t\t\t<div class=\"elementor-widget-container\">\n\t\t\t\t\t<div class=\"elementor-spacer\">\n\t\t\t<div class=\"elementor-spacer-inner\"><\/div>\n\t\t<\/div>\n\t\t\t\t<\/div>\n\t\t\t\t<\/div>\n\t\t\t\t\t\t<\/div>\n\t\t\t\t\t<\/div>\n\t\t<\/div>\n\t\t\t\t\t\t\t\t<\/div>\n\t\t\t\t\t<\/div>\n\t\t<\/section>\n\t\t\t\t\t\t\t\t\t<\/div>\n\t\t\t<\/div>\n\t\t\t\t\t<\/div>\n\t\t","protected":false},"excerpt":{"rendered":"<p>Oyundan Haberler Hello world! Posted by admin | No Comments Welcome to WordPress. This is your first post. Edit or delete it, then start writing! Mart 9, 2022 Featured Post \u0130nternet Kafe Testleri Posted by admin | No Comments Internet &hellip; <a href=\"https:\/\/ageofcards.com\/tr\/cyber-cafe-tests\/\">Read More<\/a><\/p>\n","protected":false},"author":1,"featured_media":0,"parent":0,"menu_order":50,"comment_status":"closed","ping_status":"closed","template":"","meta":{"footnotes":""},"class_list":["post-216","page","type-page","status-publish","hentry"],"_links":{"self":[{"href":"https:\/\/ageofcards.com\/tr\/wp-json\/wp\/v2\/pages\/216","targetHints":{"allow":["GET"]}}],"collection":[{"href":"https:\/\/ageofcards.com\/tr\/wp-json\/wp\/v2\/pages"}],"about":[{"href":"https:\/\/ageofcards.com\/tr\/wp-json\/wp\/v2\/types\/page"}],"author":[{"embeddable":true,"href":"https:\/\/ageofcards.com\/tr\/wp-json\/wp\/v2\/users\/1"}],"replies":[{"embeddable":true,"href":"https:\/\/ageofcards.com\/tr\/wp-json\/wp\/v2\/comments?post=216"}],"version-history":[{"count":5,"href":"https:\/\/ageofcards.com\/tr\/wp-json\/wp\/v2\/pages\/216\/revisions"}],"predecessor-version":[{"id":1268,"href":"https:\/\/ageofcards.com\/tr\/wp-json\/wp\/v2\/pages\/216\/revisions\/1268"}],"wp:attachment":[{"href":"https:\/\/ageofcards.com\/tr\/wp-json\/wp\/v2\/media?parent=216"}],"curies":[{"name":"wp","href":"https:\/\/api.w.org\/{rel}","templated":true}]}}