{"id":1115,"date":"2023-01-07T14:42:58","date_gmt":"2023-01-07T14:42:58","guid":{"rendered":"https:\/\/ageofcards.com\/?page_id=1115"},"modified":"2023-08-25T20:31:06","modified_gmt":"2023-08-25T20:31:06","slug":"fast-beginning","status":"publish","type":"page","link":"https:\/\/ageofcards.com\/tr\/fast-beginning\/","title":{"rendered":"H\u0131zl\u0131 Ba\u015flang\u0131\u00e7"},"content":{"rendered":"\t\t<div data-elementor-type=\"wp-page\" data-elementor-id=\"1115\" class=\"elementor elementor-1115\">\n\t\t\t\t\t\t<div class=\"elementor-inner\">\n\t\t\t\t<div class=\"elementor-section-wrap\">\n\t\t\t\t\t\t\t\t\t<section class=\"elementor-section elementor-top-section elementor-element elementor-element-39136d3 elementor-section-full_width elementor-section-stretched elementor-section-height-default elementor-section-height-default\" data-id=\"39136d3\" data-element_type=\"section\" data-settings=\"{&quot;background_background&quot;:&quot;gradient&quot;,&quot;stretch_section&quot;:&quot;section-stretched&quot;}\">\n\t\t\t\t\t\t<div class=\"elementor-container elementor-column-gap-default\">\n\t\t\t\t\t\t\t<div class=\"elementor-row\">\n\t\t\t\t\t<div class=\"elementor-column elementor-col-100 elementor-top-column elementor-element elementor-element-3d2da98\" data-id=\"3d2da98\" data-element_type=\"column\">\n\t\t\t<div class=\"elementor-column-wrap elementor-element-populated\">\n\t\t\t\t\t\t\t<div class=\"elementor-widget-wrap\">\n\t\t\t\t\t\t<section class=\"elementor-section elementor-inner-section elementor-element elementor-element-b2c5916 elementor-section-boxed elementor-section-height-default elementor-section-height-default\" data-id=\"b2c5916\" data-element_type=\"section\">\n\t\t\t\t\t\t<div class=\"elementor-container elementor-column-gap-default\">\n\t\t\t\t\t\t\t<div class=\"elementor-row\">\n\t\t\t\t\t<div class=\"elementor-column elementor-col-25 elementor-inner-column elementor-element elementor-element-b406da7\" data-id=\"b406da7\" data-element_type=\"column\">\n\t\t\t<div class=\"elementor-column-wrap elementor-element-populated\">\n\t\t\t\t\t\t\t<div class=\"elementor-widget-wrap\">\n\t\t\t\t\t\t<div class=\"elementor-element elementor-element-1e39f43 elementor-widget elementor-widget-themo-call-to-action\" data-id=\"1e39f43\" data-element_type=\"widget\" data-widget_type=\"themo-call-to-action.default\">\n\t\t\t\t<div class=\"elementor-widget-container\">\n\t\t\t\t\t<div class=\"th-cta\">\n\t\t\t\n                        <div class=\"th-cta-btn\">\n\n                                    <a class=\"btn-1 btn th-btn btn-ghost-light\" href=\"https:\/\/ageofcards.com\/evrenin-olusumu\/\">\n                                                    Evrenin Olu\u015fumu                                            <\/a>\n                \n                            <\/div>\n            \t\t<\/div>\n\t\t\t\t<\/div>\n\t\t\t\t<\/div>\n\t\t\t\t\t\t<\/div>\n\t\t\t\t\t<\/div>\n\t\t<\/div>\n\t\t\t\t<div class=\"elementor-column elementor-col-25 elementor-inner-column elementor-element elementor-element-14360b7\" data-id=\"14360b7\" data-element_type=\"column\">\n\t\t\t<div class=\"elementor-column-wrap elementor-element-populated\">\n\t\t\t\t\t\t\t<div class=\"elementor-widget-wrap\">\n\t\t\t\t\t\t<div class=\"elementor-element elementor-element-5a1be4a elementor-widget elementor-widget-themo-call-to-action\" data-id=\"5a1be4a\" data-element_type=\"widget\" data-widget_type=\"themo-call-to-action.default\">\n\t\t\t\t<div class=\"elementor-widget-container\">\n\t\t\t\t\t<div class=\"th-cta\">\n\t\t\t\n                        <div class=\"th-cta-btn\">\n\n                                    <a class=\"btn-1 btn th-btn btn-ghost-light\" href=\"https:\/\/ageofcards.com\/gezegenler\/\">\n                                                    Gezegenler                                            <\/a>\n                \n                            <\/div>\n            \t\t<\/div>\n\t\t\t\t<\/div>\n\t\t\t\t<\/div>\n\t\t\t\t\t\t<\/div>\n\t\t\t\t\t<\/div>\n\t\t<\/div>\n\t\t\t\t<div class=\"elementor-column elementor-col-25 elementor-inner-column elementor-element elementor-element-87912d9\" data-id=\"87912d9\" data-element_type=\"column\">\n\t\t\t<div class=\"elementor-column-wrap elementor-element-populated\">\n\t\t\t\t\t\t\t<div class=\"elementor-widget-wrap\">\n\t\t\t\t\t\t<div class=\"elementor-element elementor-element-c38b8c3 elementor-widget elementor-widget-themo-call-to-action\" data-id=\"c38b8c3\" data-element_type=\"widget\" data-widget_type=\"themo-call-to-action.default\">\n\t\t\t\t<div class=\"elementor-widget-container\">\n\t\t\t\t\t<div class=\"th-cta\">\n\t\t\t\n                        <div class=\"th-cta-btn\">\n\n                                    <a class=\"btn-1 btn th-btn btn-ghost-light\" href=\"https:\/\/ageofcards.com\/ana-konu\/\">\n                                                    Ana Konu                                            <\/a>\n                \n                            <\/div>\n            \t\t<\/div>\n\t\t\t\t<\/div>\n\t\t\t\t<\/div>\n\t\t\t\t\t\t<\/div>\n\t\t\t\t\t<\/div>\n\t\t<\/div>\n\t\t\t\t<div class=\"elementor-column elementor-col-25 elementor-inner-column elementor-element elementor-element-47c2d80\" data-id=\"47c2d80\" data-element_type=\"column\">\n\t\t\t<div class=\"elementor-column-wrap elementor-element-populated\">\n\t\t\t\t\t\t\t<div class=\"elementor-widget-wrap\">\n\t\t\t\t\t\t<div class=\"elementor-element elementor-element-e53abec elementor-widget elementor-widget-themo-call-to-action\" data-id=\"e53abec\" data-element_type=\"widget\" data-widget_type=\"themo-call-to-action.default\">\n\t\t\t\t<div class=\"elementor-widget-container\">\n\t\t\t\t\t<div class=\"th-cta\">\n\t\t\t\n                        <div class=\"th-cta-btn\">\n\n                                    <a class=\"btn-1 btn th-btn btn-ghost-light\" href=\"https:\/\/ageofcards.com\/ilk-oyunun-konusu\/\">\n                                                    \u0130lk Oyunun Konusu                                            <\/a>\n                \n                            <\/div>\n            \t\t<\/div>\n\t\t\t\t<\/div>\n\t\t\t\t<\/div>\n\t\t\t\t\t\t<\/div>\n\t\t\t\t\t<\/div>\n\t\t<\/div>\n\t\t\t\t\t\t\t\t<\/div>\n\t\t\t\t\t<\/div>\n\t\t<\/section>\n\t\t\t\t\t\t<\/div>\n\t\t\t\t\t<\/div>\n\t\t<\/div>\n\t\t\t\t\t\t\t\t<\/div>\n\t\t\t\t\t<\/div>\n\t\t<\/section>\n\t\t\t\t<section class=\"elementor-section elementor-top-section elementor-element elementor-element-5ef6aefb elementor-section-full_width elementor-section-content-middle elementor-section-stretched elementor-section-height-default elementor-section-height-default\" data-id=\"5ef6aefb\" data-element_type=\"section\" data-settings=\"{&quot;background_background&quot;:&quot;classic&quot;,&quot;stretch_section&quot;:&quot;section-stretched&quot;}\">\n\t\t\t\t\t\t<div class=\"elementor-container elementor-column-gap-no\">\n\t\t\t\t\t\t\t<div class=\"elementor-row\">\n\t\t\t\t\t<div class=\"elementor-column elementor-col-50 elementor-top-column elementor-element elementor-element-353ca38d elementor-invisible\" data-id=\"353ca38d\" data-element_type=\"column\" data-settings=\"{&quot;background_background&quot;:&quot;classic&quot;,&quot;animation&quot;:&quot;fadeInLeft&quot;}\">\n\t\t\t<div class=\"elementor-column-wrap elementor-element-populated\">\n\t\t\t\t\t<div class=\"elementor-background-overlay\"><\/div>\n\t\t\t\t\t\t\t<div class=\"elementor-widget-wrap\">\n\t\t\t\t\t\t<div class=\"elementor-element elementor-element-4fc1301a elementor-widget elementor-widget-heading\" data-id=\"4fc1301a\" data-element_type=\"widget\" data-widget_type=\"heading.default\">\n\t\t\t\t<div class=\"elementor-widget-container\">\n\t\t\t<h4 class=\"elementor-heading-title elementor-size-default\">H\u0131zl\u0131 Ba\u015flang\u0131\u00e7<\/h4>\t\t<\/div>\n\t\t\t\t<\/div>\n\t\t\t\t\t\t<\/div>\n\t\t\t\t\t<\/div>\n\t\t<\/div>\n\t\t\t\t<div class=\"elementor-column elementor-col-50 elementor-top-column elementor-element elementor-element-1b964983\" data-id=\"1b964983\" data-element_type=\"column\">\n\t\t\t<div class=\"elementor-column-wrap elementor-element-populated\">\n\t\t\t\t\t\t\t<div class=\"elementor-widget-wrap\">\n\t\t\t\t\t\t<div class=\"elementor-element elementor-element-72c985b1 elementor-widget elementor-widget-text-editor\" data-id=\"72c985b1\" data-element_type=\"widget\" data-widget_type=\"text-editor.default\">\n\t\t\t\t<div class=\"elementor-widget-container\">\n\t\t\t\t\t\t\t\t<div class=\"elementor-text-editor elementor-clearfix\">\n\t\t\t\t<p>Age of Card d\u00fcnyas\u0131na ho\u015f geldiniz! Bu yaz\u0131da sizlere oyuna h\u0131zl\u0131ca al\u0131\u015fabilmeniz i\u00e7in bilgiler sunaca\u011f\u0131m. Vakit kaybetmeden hemen ba\u015flayal\u0131m:<\/p>\t\t\t\t\t<\/div>\n\t\t\t\t\t\t<\/div>\n\t\t\t\t<\/div>\n\t\t\t\t<div class=\"elementor-element elementor-element-4861b73f elementor-widget elementor-widget-text-editor\" data-id=\"4861b73f\" data-element_type=\"widget\" data-widget_type=\"text-editor.default\">\n\t\t\t\t<div class=\"elementor-widget-container\">\n\t\t\t\t\t\t\t\t<div class=\"elementor-text-editor elementor-clearfix\">\n\t\t\t\t<p>Ana men\u00fcde beta test s\u00fcreci i\u00e7in kullan\u0131ma a\u00e7\u0131k olan iki b\u00f6l\u00fcm bulunmaktad\u0131r.<\/p><p>\u00a0<\/p><p>Library: Bu k\u0131s\u0131mdan mevcut destelerinizi g\u00f6rebilir ve yeni ki\u015fisel desteler olu\u015fturabilirsiniz. A\u00e7\u0131lan ekranda deste ekleme, mevcut desteyi d\u00fczenleme ve deste silme se\u00e7enekleri vard\u0131r.<\/p><p>Casual: Beta test s\u00fcrecinde a\u00e7\u0131k olan tek oyun modudur. Ba\u015fka bir oyuncuya kar\u015f\u0131, o an oyuncu yok ise botla bire bir ma\u00e7 oynamay\u0131 sa\u011flar. Desteni se\u00e7 ve hemen oyuna ba\u015fla, sadece bu kadar!<\/p>\t\t\t\t\t<\/div>\n\t\t\t\t\t\t<\/div>\n\t\t\t\t<\/div>\n\t\t\t\t<div class=\"elementor-element elementor-element-37f2399c elementor-widget elementor-widget-text-editor\" data-id=\"37f2399c\" data-element_type=\"widget\" data-widget_type=\"text-editor.default\">\n\t\t\t\t<div class=\"elementor-widget-container\">\n\t\t\t\t\t\t\t\t<div class=\"elementor-text-editor elementor-clearfix\">\n\t\t\t\t<p><img loading=\"lazy\" decoding=\"async\" class=\"aligncenter wp-image-1117 size-large\" src=\"https:\/\/ageofcards.com\/wp-content\/uploads\/2023\/01\/Resim2-1024x475.jpg\" alt=\"\" width=\"1024\" height=\"475\" srcset=\"https:\/\/ageofcards.com\/wp-content\/uploads\/2023\/01\/Resim2-1024x475.jpg 1024w, https:\/\/ageofcards.com\/wp-content\/uploads\/2023\/01\/Resim2-300x139.jpg 300w, https:\/\/ageofcards.com\/wp-content\/uploads\/2023\/01\/Resim2-768x356.jpg 768w, https:\/\/ageofcards.com\/wp-content\/uploads\/2023\/01\/Resim2-18x8.jpg 18w, https:\/\/ageofcards.com\/wp-content\/uploads\/2023\/01\/Resim2-647x300.jpg 647w, https:\/\/ageofcards.com\/wp-content\/uploads\/2023\/01\/Resim2-173x80.jpg 173w, https:\/\/ageofcards.com\/wp-content\/uploads\/2023\/01\/Resim2-394x183.jpg 394w, https:\/\/ageofcards.com\/wp-content\/uploads\/2023\/01\/Resim2-915x424.jpg 915w, https:\/\/ageofcards.com\/wp-content\/uploads\/2023\/01\/Resim2-1240x575.jpg 1240w, https:\/\/ageofcards.com\/wp-content\/uploads\/2023\/01\/Resim2.jpg 1421w\" sizes=\"auto, (max-width: 1024px) 100vw, 1024px\" \/><\/p><p>Casual k\u0131sm\u0131na girdi\u011fimizde kar\u015f\u0131m\u0131za deste se\u00e7me ekran\u0131 gelmekte. Buradan sizin i\u00e7in haz\u0131r olu\u015fturulmu\u015f standart destelerden se\u00e7ebilir, veya daha \u00f6nceden haz\u0131rlad\u0131\u011f\u0131n\u0131z \u201ccustom\u201d desteleri kullanabilirsiniz.<\/p><p>Destenizi se\u00e7ip e\u015fle\u015fme bulduktan sonra oyun s\u0131ras\u0131nda bilmeniz gereken maddelere ge\u00e7elim:<\/p><p>Oyunda ilk tura sahip oyuncu ilk turunda kart \u00e7ekmez ve elindeki iki kart ile ba\u015flar. Bunu takip eden her turun ba\u015f\u0131nda oyuncular destelerinden birer kart (e\u011fer varsa) \u00e7eker.<\/p>\t\t\t\t\t<\/div>\n\t\t\t\t\t\t<\/div>\n\t\t\t\t<\/div>\n\t\t\t\t\t\t<\/div>\n\t\t\t\t\t<\/div>\n\t\t<\/div>\n\t\t\t\t\t\t\t\t<\/div>\n\t\t\t\t\t<\/div>\n\t\t<\/section>\n\t\t\t\t<section class=\"elementor-section elementor-top-section elementor-element elementor-element-0b2a3cc elementor-section-boxed elementor-section-height-default elementor-section-height-default\" data-id=\"0b2a3cc\" data-element_type=\"section\" data-settings=\"{&quot;background_background&quot;:&quot;classic&quot;}\">\n\t\t\t\t\t\t\t<div class=\"elementor-background-overlay\"><\/div>\n\t\t\t\t\t\t\t<div class=\"elementor-container elementor-column-gap-default\">\n\t\t\t\t\t\t\t<div class=\"elementor-row\">\n\t\t\t\t\t<div class=\"elementor-column elementor-col-100 elementor-top-column elementor-element elementor-element-6ff231e\" data-id=\"6ff231e\" data-element_type=\"column\">\n\t\t\t<div class=\"elementor-column-wrap elementor-element-populated\">\n\t\t\t\t\t\t\t<div class=\"elementor-widget-wrap\">\n\t\t\t\t\t\t<div class=\"elementor-element elementor-element-ca9e774 elementor-invisible elementor-widget elementor-widget-text-editor\" data-id=\"ca9e774\" data-element_type=\"widget\" data-settings=\"{&quot;_animation&quot;:&quot;fadeInUp&quot;}\" data-widget_type=\"text-editor.default\">\n\t\t\t\t<div class=\"elementor-widget-container\">\n\t\t\t\t\t\t\t\t<div class=\"elementor-text-editor elementor-clearfix\">\n\t\t\t\t<h4><strong>Ba\u015flang\u0131\u00e7<\/strong><\/h4><p>Kar\u015f\u0131la\u015fma ba\u015flad\u0131\u011f\u0131 zaman kar\u015f\u0131m\u0131za \u00e7\u0131kan ilk ekran kart se\u00e7imidir. Her oyuncunun destesinden rastgele 3 kart aras\u0131ndan bir tanesini desteye geri g\u00f6ndermek \u015fart\u0131yla kalan iki kart elde tutulacakt\u0131r. S\u00fcre boyunca hi\u00e7bir se\u00e7im yap\u0131lmaz ise rastgele bir kart desteye geri g\u00f6nderilmektedir. Oyuna ilk hangi oyuncunun ba\u015flayaca\u011f\u0131 rastgele belirlenir. Oyunda ilk tura sahip oyuncu ilk turunda kart \u00e7ekmez ve elindeki iki kart ile ba\u015flar. Bunu takip eden her turun ba\u015f\u0131nda oyuncular destelerinden birer kart (e\u011fer varsa) \u00e7eker.<\/p><p>\u00a0<\/p><h4><strong>Mana<\/strong><\/h4><p>Mana, oyuncular\u0131n kartlar\u0131n\u0131 kullanabilmesi i\u00e7in \u00f6demesi gereken bir birimdir. Sol alt k\u00f6\u015fede, kahraman portresinin etraf\u0131ndaki mavi dairelerdir. Her oyuncu, ilk turunda s\u0131f\u0131r manaya sahiptir ve her ilerleyen tur maksimum 5 manada sabitlenmek \u00fczere birer mana artar.<\/p><p><img loading=\"lazy\" decoding=\"async\" class=\"alignleft wp-image-1118 size-full\" src=\"https:\/\/ageofcards.com\/wp-content\/uploads\/2023\/01\/Resim3.jpg\" alt=\"\" width=\"252\" height=\"158\" srcset=\"https:\/\/ageofcards.com\/wp-content\/uploads\/2023\/01\/Resim3.jpg 252w, https:\/\/ageofcards.com\/wp-content\/uploads\/2023\/01\/Resim3-18x12.jpg 18w, https:\/\/ageofcards.com\/wp-content\/uploads\/2023\/01\/Resim3-128x80.jpg 128w\" sizes=\"auto, (max-width: 252px) 100vw, 252px\" \/><\/p><h5><strong>Tur Limitleri ve Tur S\u00fcresi<\/strong><\/h5><p>S\u0131ra bir oyuncuya ge\u00e7ti\u011finde kendi turu i\u00e7erisinde yapabilece\u011fi aksiyonlar limitlidir. Bu limitler s\u0131ra farketmeksizin: bir adet hamle, bir adet sald\u0131r\u0131 ve mana yetti\u011fi kadar kart oynamakt\u0131r. Bu limitlerin hepsi sonuna kadar kullan\u0131labilece\u011fi gibi hi\u00e7birisi kullan\u0131lmadan da tur ge\u00e7ilebilir, bu se\u00e7enek tamamen oyuncuya b\u0131rak\u0131lm\u0131\u015ft\u0131r. Turunu bitirmeye karar veren oyuncu ekran\u0131n sa\u011f\u0131ndaki \u201cEnd Turn\u201d butonuna basarak s\u0131ray\u0131 rakibine devredebilir. Her tur i\u00e7in 60 saniye limit vard\u0131r. E\u011fer butona basmadan oyuncunun tur s\u00fcresi biterse tur otomatik olarak tur sonlan\u0131r ve s\u0131ra di\u011fer oyuncuya ge\u00e7er.<\/p><p>\u00a0<\/p><h4><strong>Sava\u015f<\/strong><\/h4><p>Ta\u015flar aras\u0131 sava\u015f ger\u00e7ekle\u015fti\u011fi zaman hangi ta\u015f\u0131n \u00f6lece\u011fi, hangi ta\u015f\u0131n ka\u00e7 canla kalaca\u011f\u0131n\u0131n belirlenmesi i\u00e7in bir hesaplama ger\u00e7ekle\u015fmektedir. Sava\u015f s\u0131ras\u0131nda her iki ta\u015f\u0131n sald\u0131r\u0131 de\u011ferleri, rakip ta\u015f\u0131n can de\u011ferine hasar vurur. Can de\u011feri s\u0131f\u0131ra inen minyonlar yok olur. E\u011fer can\u0131 s\u0131f\u0131ra inen ta\u015f bir ana karakter ise ma\u00e7, o oyuncunun yenilgisi ile son bulur.<\/p><p>\u00a0<\/p><h4><strong>Oyun Ge\u00e7mi\u015fi<\/strong><\/h4><p>\u00d6nceki turlarda hangi kartlar\u0131n oynand\u0131\u011f\u0131 ve hangi sava\u015flar\u0131n ger\u00e7ekle\u015fti\u011fini g\u00f6steren bir k\u0131s\u0131m bulunmaktad\u0131r. Yap\u0131lan her aksiyon, ekran\u0131n sol k\u0131sm\u0131nda bulunan oyun ge\u00e7mi\u015finin en \u00fcst\u00fcne eklenir. K\u00fc\u00e7\u00fck kutucuklar \u015feklinde g\u00f6sterilen ge\u00e7mi\u015f bilgilerinin \u00fczerlerine mouse getirildi\u011fi zaman hangi efekt hangi ta\u015f\u0131 hedef alm\u0131\u015f veya hangi minyon ka\u00e7 hasar alm\u0131\u015f gibi detaylar\u0131 da g\u00f6rmeye imkan sa\u011flar.<\/p><p>Art\u0131k oyuna haz\u0131rs\u0131n\u0131z. Bir ma\u00e7 arat\u0131n ve \u00e7ok daha fazlas\u0131n\u0131 deneyimleyin!<\/p>\t\t\t\t\t<\/div>\n\t\t\t\t\t\t<\/div>\n\t\t\t\t<\/div>\n\t\t\t\t\t\t<\/div>\n\t\t\t\t\t<\/div>\n\t\t<\/div>\n\t\t\t\t\t\t\t\t<\/div>\n\t\t\t\t\t<\/div>\n\t\t<\/section>\n\t\t\t\t<section class=\"elementor-section elementor-top-section elementor-element elementor-element-108744b elementor-section-boxed elementor-section-height-default elementor-section-height-default\" data-id=\"108744b\" data-element_type=\"section\" data-settings=\"{&quot;background_background&quot;:&quot;classic&quot;}\">\n\t\t\t\t\t\t\t<div class=\"elementor-background-overlay\"><\/div>\n\t\t\t\t\t\t\t<div class=\"elementor-container elementor-column-gap-default\">\n\t\t\t\t\t\t\t<div class=\"elementor-row\">\n\t\t\t\t\t<div class=\"elementor-column elementor-col-100 elementor-top-column elementor-element elementor-element-1c381f1\" data-id=\"1c381f1\" data-element_type=\"column\">\n\t\t\t<div class=\"elementor-column-wrap elementor-element-populated\">\n\t\t\t\t\t\t\t<div class=\"elementor-widget-wrap\">\n\t\t\t\t\t\t<div class=\"elementor-element elementor-element-a9c847f elementor-invisible elementor-widget elementor-widget-text-editor\" data-id=\"a9c847f\" data-element_type=\"widget\" data-settings=\"{&quot;_animation&quot;:&quot;fadeInUp&quot;}\" data-widget_type=\"text-editor.default\">\n\t\t\t\t<div class=\"elementor-widget-container\">\n\t\t\t\t\t\t\t\t<div class=\"elementor-text-editor elementor-clearfix\">\n\t\t\t\t\t\t\t\t\t<\/div>\n\t\t\t\t\t\t<\/div>\n\t\t\t\t<\/div>\n\t\t\t\t\t\t<\/div>\n\t\t\t\t\t<\/div>\n\t\t<\/div>\n\t\t\t\t\t\t\t\t<\/div>\n\t\t\t\t\t<\/div>\n\t\t<\/section>\n\t\t\t\t\t\t\t\t\t<\/div>\n\t\t\t<\/div>\n\t\t\t\t\t<\/div>\n\t\t","protected":false},"excerpt":{"rendered":"<p>Evrenin Olu\u015fumu Gezegenler Ana Konu \u0130lk Oyunun Konusu H\u0131zl\u0131 Ba\u015flang\u0131\u00e7 Age of Card d\u00fcnyas\u0131na ho\u015f geldiniz! Bu yaz\u0131da sizlere oyuna h\u0131zl\u0131ca al\u0131\u015fabilmeniz i\u00e7in bilgiler sunaca\u011f\u0131m. Vakit kaybetmeden hemen ba\u015flayal\u0131m: Ana men\u00fcde beta test s\u00fcreci i\u00e7in kullan\u0131ma a\u00e7\u0131k olan iki b\u00f6l\u00fcm &hellip; <a href=\"https:\/\/ageofcards.com\/tr\/fast-beginning\/\">Read More<\/a><\/p>\n","protected":false},"author":1,"featured_media":0,"parent":0,"menu_order":0,"comment_status":"closed","ping_status":"closed","template":"","meta":{"footnotes":""},"class_list":["post-1115","page","type-page","status-publish","hentry"],"_links":{"self":[{"href":"https:\/\/ageofcards.com\/tr\/wp-json\/wp\/v2\/pages\/1115","targetHints":{"allow":["GET"]}}],"collection":[{"href":"https:\/\/ageofcards.com\/tr\/wp-json\/wp\/v2\/pages"}],"about":[{"href":"https:\/\/ageofcards.com\/tr\/wp-json\/wp\/v2\/types\/page"}],"author":[{"embeddable":true,"href":"https:\/\/ageofcards.com\/tr\/wp-json\/wp\/v2\/users\/1"}],"replies":[{"embeddable":true,"href":"https:\/\/ageofcards.com\/tr\/wp-json\/wp\/v2\/comments?post=1115"}],"version-history":[{"count":4,"href":"https:\/\/ageofcards.com\/tr\/wp-json\/wp\/v2\/pages\/1115\/revisions"}],"predecessor-version":[{"id":1122,"href":"https:\/\/ageofcards.com\/tr\/wp-json\/wp\/v2\/pages\/1115\/revisions\/1122"}],"wp:attachment":[{"href":"https:\/\/ageofcards.com\/tr\/wp-json\/wp\/v2\/media?parent=1115"}],"curies":[{"name":"wp","href":"https:\/\/api.w.org\/{rel}","templated":true}]}}